{"id":196,"date":"2024-02-23T15:42:40","date_gmt":"2024-02-23T15:42:40","guid":{"rendered":"https:\/\/mproficz.com\/?page_id=196"},"modified":"2025-07-18T10:24:13","modified_gmt":"2025-07-18T10:24:13","slug":"kinepolis-ui-design","status":"publish","type":"page","link":"https:\/\/mproficz.com\/uk\/kinepolis-ui-design\/","title":{"rendered":"Kin\u00e9polis  \u2047  UI \u0434\u0438\u0437\u0430\u0439\u043d"},"content":{"rendered":"<p class=\"has-text-align-left\">\u0413\u0440\u0443\u043f\u043e\u0432\u0430 \u0440\u043e\u0431\u043e\u0442\u0430 \u043d\u0430\u0434 \u0440\u043e\u0437\u0440\u043e\u0431\u043a\u043e\u044e \u043a\u043e\u0440\u0438\u0441\u0442\u0443\u0432\u0430\u0446\u044c\u043a\u043e\u0433\u043e \u043f\u043e\u0442\u043e\u043a\u0443 \u0437 \u043f\u0440\u043e\u0442\u043e\u0442\u0438\u043f\u0443\u0432\u0430\u043d\u043d\u044f\u043c Hi-Fi \u043d\u0430 \u0435\u0442\u0430\u043f\u0456 \u043f\u043e\u043a\u0443\u043f\u043a\u0438 \u043a\u0432\u0438\u0442\u043a\u0430 \u0432 \u043a\u0456\u043d\u043e\u0442\u0435\u0430\u0442\u0440, \u0440\u043e\u0437\u0433\u043b\u044f\u0434\u0430\u044e\u0447\u0438 \u0446\u0456\u043b\u044c\u043e\u0432\u043e\u0433\u043e \u043a\u043e\u0440\u0438\u0441\u0442\u0443\u0432\u0430\u0447\u0430 \u044f\u043a \u043a\u043e\u0440\u0438\u0441\u0442\u0443\u0432\u0430\u0447\u0430 GEN Z.<\/p>\n\n\n\n<figure class=\"wp-block-image size-large\"><img loading=\"lazy\" decoding=\"async\" width=\"1024\" height=\"683\" src=\"https:\/\/mproficz.com\/wp-content\/uploads\/2024\/02\/Kinepolis-old-versions-8-screens-1024x683.png\" alt=\"Kinepolis \u0441\u0442\u0430\u0440\u0456 \u0432\u0435\u0440\u0441\u0456\u0457 8 \u0415\u043a\u0440\u0430\u043d\u0438 1024x683\" class=\"wp-image-204\" title=\"Kin\u00e9polis - UI \u0434\u0438\u0437\u0430\u0439\u043d\" srcset=\"https:\/\/mproficz.com\/wp-content\/uploads\/2024\/02\/Kinepolis-old-versions-8-screens-1024x683.png 1024w, https:\/\/mproficz.com\/wp-content\/uploads\/2024\/02\/Kinepolis-old-versions-8-screens-300x200.png 300w, https:\/\/mproficz.com\/wp-content\/uploads\/2024\/02\/Kinepolis-old-versions-8-screens-768x512.png 768w, https:\/\/mproficz.com\/wp-content\/uploads\/2024\/02\/Kinepolis-old-versions-8-screens-1536x1024.png 1536w, https:\/\/mproficz.com\/wp-content\/uploads\/2024\/02\/Kinepolis-old-versions-8-screens-2048x1366.png 2048w, https:\/\/mproficz.com\/wp-content\/uploads\/2024\/02\/Kinepolis-old-versions-8-screens-500x333.png 500w, https:\/\/mproficz.com\/wp-content\/uploads\/2024\/02\/Kinepolis-old-versions-8-screens-800x533.png 800w, https:\/\/mproficz.com\/wp-content\/uploads\/2024\/02\/Kinepolis-old-versions-8-screens-1280x853.png 1280w, https:\/\/mproficz.com\/wp-content\/uploads\/2024\/02\/Kinepolis-old-versions-8-screens-1920x1280.png 1920w\" sizes=\"auto, (max-width: 1024px) 100vw, 1024px\" \/><figcaption class=\"wp-element-caption\">\u041d\u0430\u0442\u0438\u0432\u043d\u0438\u0439 \u0434\u0438\u0437\u0430\u0439\u043d<\/figcaption><\/figure>\n\n\n\n<div style=\"height:80px\" aria-hidden=\"true\" class=\"wp-block-spacer\"><\/div>\n\n\n\n<p class=\"has-text-align-left\">\u0423 \u043f\u0440\u043e\u0435\u043a\u0442\u0456 \u0431\u0443\u043b\u043e \u043a\u0456\u043b\u044c\u043a\u0430 \u0435\u0442\u0430\u043f\u0456\u0432: <\/p>\n\n\n\n<p><br>1. <strong>UX \u0431\u0435\u043d\u0447\u043c\u0430\u0440\u043a<\/strong> \u2047  \u043f\u043e\u0434\u0438\u0432\u0438\u0442\u0438\u0441\u044f, \u0449\u043e \u0432\u0436\u0435 \u0456\u0441\u043d\u0443\u0454, \u044f\u043a\u0438\u0439 \u043f\u043e\u0442\u043e\u0447\u043d\u0438\u0439 \u0432\u0456\u0437\u0443\u0430\u043b\u044c\u043d\u0438\u0439 \u0434\u043e\u0434\u0430\u0442\u043e\u043a Kin\u00e9polis \u0456 \u044f\u043a\u0456 \u043f\u0440\u043e\u0431\u043b\u0435\u043c\u0438, \u0437 \u044f\u043a\u0438\u043c\u0438 \u0441\u0442\u0438\u043a\u0430\u044e\u0442\u044c\u0441\u044f \u043a\u043e\u0440\u0438\u0441\u0442\u0443\u0432\u0430\u0447\u0456.  <br>\u2047  \u042f\u043a\u0456 \u0432\u0456\u0437\u0443\u0430\u043b\u044c\u043d\u0456 \u0435\u0444\u0435\u043a\u0442\u0438 \u0456\u043d\u0448\u0438\u0445 \u0434\u043e\u0434\u0430\u0442\u043a\u0456\u0432 \u0442\u043e\u0433\u043e \u0436 \u0440\u043e\u0434\u0443: UGC, Pathe, Allocin\u00e9... \u0456 \u044f\u043a\u0456 \u0431\u043b\u043e\u043a\u0438 \/ \u043f\u0440\u0430\u0446\u044e\u0454 \u0432 \u043d\u0438\u0445. <br>\u2047  \u041f\u0440\u043e\u0447\u0438\u0442\u0430\u0439\u0442\u0435 \u043e\u043d\u043b\u0430\u0439\u043d-\u043a\u043e\u043c\u0435\u043d\u0442\u0430\u0440\u0456, \u043f\u043e\u0432'\u044f\u0437\u0430\u043d\u0456 \u0437 \u043a\u043e\u0440\u0438\u0441\u0442\u0443\u0432\u0430\u0446\u044c\u043a\u0438\u043c \u0434\u043e\u0441\u0432\u0456\u0434\u043e\u043c, \u0449\u043e\u0431 \u0432\u0438\u044f\u0432\u0438\u0442\u0438 \u043c\u043e\u0436\u043b\u0438\u0432\u0456 \u0441\u0435\u0440\u0439\u043e\u0437\u043d\u0456 \u043f\u0440\u043e\u0431\u043b\u0435\u043c\u0438.<br>\u2047  \u0427\u0435\u0440\u0435\u0437 Pinterest, Behance \u0442\u043e\u0449\u043e... \u0437\u043d\u0430\u0439\u0434\u0456\u0442\u044c \u043f\u0440\u0438\u043a\u043b\u0430\u0434\u0438 \u0434\u0438\u0437\u0430\u0439\u043d\u0443, \u043f\u0435\u0440\u0435\u0433\u043b\u044f\u043d\u044c\u0442\u0435 \u0432\u0456\u0437\u0443\u0430\u043b\u044c\u043d\u0456 \u0435\u0444\u0435\u043a\u0442\u0438, \u044f\u043a\u0456 \u043f\u0440\u0438\u0432\u0430\u0431\u043b\u044e\u044e\u0442\u044c \/ \u0431\u0443\u0434\u044c \u043b\u0430\u0441\u043a\u0430. <\/p>\n\n\n\n<p>2. \u0414\u043e\u0441\u044f\u0433\u043d\u0435\u043d\u043d\u044f \u043e\u0434\u043d\u0456\u0454\u0457 <strong>\u041f\u043e\u0442\u0456\u043a \u043a\u043e\u0440\u0438\u0441\u0442\u0443\u0432\u0430\u0447\u0430 <\/strong>\u0456 \u0432\u0438\u0437\u043d\u0430\u0447\u0435\u043d\u043d\u044f <strong>\u0415\u041f\u0406\u041a\u0410 <\/strong><br>\u2047  \u041f\u0456\u0434\u0431\u0456\u0440 \u0456 \u043f\u043e\u043a\u0443\u043f\u043a\u0430 \u043a\u0432\u0438\u0442\u043a\u0456\u0432<br>\u2047  \u0423\u043f\u0440\u0430\u0432\u043b\u0456\u043d\u043d\u044f \u043f\u0440\u043e\u0444\u0456\u043b\u0435\u043c \u043a\u043e\u0440\u0438\u0441\u0442\u0443\u0432\u0430\u0447\u0430<br>\u2047  \u0421\u043f\u043e\u0432\u0456\u0449\u0435\u043d\u043d\u044f \u0442\u0430 \u0440\u0435\u043a\u043e\u043c\u0435\u043d\u0434\u0430\u0446\u0456\u0457<br>\u2047  \u0423\u043f\u0440\u0430\u0432\u043b\u0456\u043d\u043d\u044f \u043d\u043e\u043c\u0435\u0440\u0430\u043c\u0438 \u0442\u0430 \u0440\u043e\u0437\u043a\u043b\u0430\u0434\u043e\u043c<br>\u2047  \u041e\u043f\u043b\u0430\u0442\u0430 \u0442\u0430 \u0431\u0435\u0437\u043f\u0435\u043a\u0430<\/p>\n\n\n\n<p>3. <strong>\u0421\u0442\u0432\u043e\u0440\u0435\u043d\u043d\u044f \u043f\u0440\u043e\u0442\u043e\u0442\u0438\u043f\u0443 <\/strong>\u043d\u0430 \u043e\u0441\u043d\u043e\u0432\u0456 \u0432\u0456\u0437\u0443\u0430\u043b\u044c\u043d\u0438\u0445 \u043c\u0430\u0442\u0435\u0440\u0456\u0430\u043b\u0456\u0432 \u0456 \u0432\u0438\u0432\u0447\u0435\u043d\u043d\u044f \u043a\u043e\u043c\u0435\u043d\u0442\u0430\u0440\u0456\u0432, \u0437 \u043c\u0435\u0442\u043e\u044e \u043f\u043e\u043b\u0435\u0433\u0448\u0435\u043d\u043d\u044f \u043f\u043e\u043a\u0443\u043f\u043a\u0438 \u043a\u0432\u0438\u0442\u043a\u0430 \u0432 \u043a\u0456\u043d\u043e. <br><\/p>\n\n\n\n<figure class=\"wp-block-image size-large\"><img loading=\"lazy\" decoding=\"async\" width=\"1024\" height=\"297\" src=\"https:\/\/mproficz.com\/wp-content\/uploads\/2024\/02\/Epics-User-flow-1024x297.png\" alt=\"\u041f\u043e\u0442\u0456\u043a \u043a\u043e\u0440\u0438\u0441\u0442\u0443\u0432\u0430\u0447\u0430 Epics 1024x297\" class=\"wp-image-197\" title=\"Kin\u00e9polis - UI \u0434\u0438\u0437\u0430\u0439\u043d\" srcset=\"https:\/\/mproficz.com\/wp-content\/uploads\/2024\/02\/Epics-User-flow-1024x297.png 1024w, https:\/\/mproficz.com\/wp-content\/uploads\/2024\/02\/Epics-User-flow-300x87.png 300w, https:\/\/mproficz.com\/wp-content\/uploads\/2024\/02\/Epics-User-flow-768x223.png 768w, https:\/\/mproficz.com\/wp-content\/uploads\/2024\/02\/Epics-User-flow-1536x446.png 1536w, https:\/\/mproficz.com\/wp-content\/uploads\/2024\/02\/Epics-User-flow-2048x595.png 2048w, https:\/\/mproficz.com\/wp-content\/uploads\/2024\/02\/Epics-User-flow-500x145.png 500w, https:\/\/mproficz.com\/wp-content\/uploads\/2024\/02\/Epics-User-flow-800x232.png 800w, https:\/\/mproficz.com\/wp-content\/uploads\/2024\/02\/Epics-User-flow-1280x372.png 1280w, https:\/\/mproficz.com\/wp-content\/uploads\/2024\/02\/Epics-User-flow-1920x558.png 1920w\" sizes=\"auto, (max-width: 1024px) 100vw, 1024px\" \/><figcaption class=\"wp-element-caption\">\u041f\u043e\u0442\u0456\u043a \u043a\u043e\u0440\u0438\u0441\u0442\u0443\u0432\u0430\u0447\u0430<\/figcaption><\/figure>\n\n\n\n<div style=\"height:80px\" aria-hidden=\"true\" class=\"wp-block-spacer\"><\/div>\n\n\n\n<h2 class=\"wp-block-heading has-text-align-center\">\u041f\u0440\u043e\u0442\u043e\u0442\u0438\u043f\u0443\u0432\u0430\u043d\u043d\u044f HI-FI<\/h2>\n\n\n\n<div class=\"wp-block-group is-layout-constrained wp-block-group-is-layout-constrained\">\n<figure class=\"wp-block-gallery has-nested-images columns-default is-cropped wp-block-gallery-1 is-layout-flex wp-block-gallery-is-layout-flex\">\n<figure class=\"wp-block-image size-large\"><img loading=\"lazy\" decoding=\"async\" width=\"404\" height=\"858\" data-id=\"203\" src=\"https:\/\/mproficz.com\/wp-content\/uploads\/2024\/02\/Homepage.png\" alt=\"\u0414\u043e\u043c\u0430\u0448\u043d\u044f \u0441\u0442\u043e\u0440\u0456\u043d\u043a\u0430\" class=\"wp-image-203\" title=\"Kin\u00e9polis - UI \u0434\u0438\u0437\u0430\u0439\u043d\" srcset=\"https:\/\/mproficz.com\/wp-content\/uploads\/2024\/02\/Homepage.png 404w, https:\/\/mproficz.com\/wp-content\/uploads\/2024\/02\/Homepage-141x300.png 141w\" sizes=\"auto, (max-width: 404px) 100vw, 404px\" \/><\/figure>\n\n\n\n<figure class=\"wp-block-image size-large\"><img loading=\"lazy\" decoding=\"async\" width=\"404\" height=\"854\" data-id=\"202\" src=\"https:\/\/mproficz.com\/wp-content\/uploads\/2024\/02\/Movie-Page.png\" alt=\"\u0421\u0442\u043e\u0440\u0456\u043d\u043a\u0430 \u0444\u0456\u043b\u044c\u043c\u0443\" class=\"wp-image-202\" title=\"Kin\u00e9polis - UI \u0434\u0438\u0437\u0430\u0439\u043d\" srcset=\"https:\/\/mproficz.com\/wp-content\/uploads\/2024\/02\/Movie-Page.png 404w, https:\/\/mproficz.com\/wp-content\/uploads\/2024\/02\/Movie-Page-142x300.png 142w\" sizes=\"auto, (max-width: 404px) 100vw, 404px\" \/><\/figure>\n\n\n\n<figure class=\"wp-block-image size-large\"><img loading=\"lazy\" decoding=\"async\" width=\"404\" height=\"858\" data-id=\"198\" src=\"https:\/\/mproficz.com\/wp-content\/uploads\/2024\/02\/Choix-du-ticket.png\" alt=\"\u0412\u0438\u0431\u0456\u0440 \u043a\u0432\u0438\u0442\u043a\u0430\" class=\"wp-image-198\" title=\"Kin\u00e9polis - UI \u0434\u0438\u0437\u0430\u0439\u043d\" srcset=\"https:\/\/mproficz.com\/wp-content\/uploads\/2024\/02\/Choix-du-ticket.png 404w, https:\/\/mproficz.com\/wp-content\/uploads\/2024\/02\/Choix-du-ticket-141x300.png 141w\" sizes=\"auto, (max-width: 404px) 100vw, 404px\" \/><\/figure>\n\n\n\n<figure class=\"wp-block-image size-large\"><img loading=\"lazy\" decoding=\"async\" width=\"404\" height=\"858\" data-id=\"200\" src=\"https:\/\/mproficz.com\/wp-content\/uploads\/2024\/02\/Choix-place.png\" alt=\"\u0412\u0438\u0431\u0456\u0440 \u043c\u0456\u0441\u0446\u044f\" class=\"wp-image-200\" title=\"Kin\u00e9polis - UI \u0434\u0438\u0437\u0430\u0439\u043d\" srcset=\"https:\/\/mproficz.com\/wp-content\/uploads\/2024\/02\/Choix-place.png 404w, https:\/\/mproficz.com\/wp-content\/uploads\/2024\/02\/Choix-place-141x300.png 141w\" sizes=\"auto, (max-width: 404px) 100vw, 404px\" \/><\/figure>\n\n\n\n<figure class=\"wp-block-image size-large\"><img loading=\"lazy\" decoding=\"async\" width=\"404\" height=\"858\" data-id=\"199\" src=\"https:\/\/mproficz.com\/wp-content\/uploads\/2024\/02\/Check-out.png\" alt=\"\u041f\u0435\u0440\u0435\u0432\u0456\u0440\u0438\u0442\u0438\" class=\"wp-image-199\" title=\"Kin\u00e9polis - UI \u0434\u0438\u0437\u0430\u0439\u043d\" srcset=\"https:\/\/mproficz.com\/wp-content\/uploads\/2024\/02\/Check-out.png 404w, https:\/\/mproficz.com\/wp-content\/uploads\/2024\/02\/Check-out-141x300.png 141w\" sizes=\"auto, (max-width: 404px) 100vw, 404px\" \/><\/figure>\n\n\n\n<figure class=\"wp-block-image size-large\"><img loading=\"lazy\" decoding=\"async\" width=\"404\" height=\"858\" data-id=\"201\" src=\"https:\/\/mproficz.com\/wp-content\/uploads\/2024\/02\/Check-out-2.png\" alt=\"\u0412\u0438\u0457\u0437\u0434 2\" class=\"wp-image-201\" title=\"Kin\u00e9polis - UI \u0434\u0438\u0437\u0430\u0439\u043d\" srcset=\"https:\/\/mproficz.com\/wp-content\/uploads\/2024\/02\/Check-out-2.png 404w, https:\/\/mproficz.com\/wp-content\/uploads\/2024\/02\/Check-out-2-141x300.png 141w\" sizes=\"auto, (max-width: 404px) 100vw, 404px\" \/><\/figure>\n<\/figure>\n<\/div>","protected":false},"excerpt":{"rendered":"<p>\u0413\u0440\u0443\u043f\u043e\u0432\u0430 \u0440\u043e\u0431\u043e\u0442\u0430 \u0437 \u043f\u0440\u043e\u0435\u043a\u0442\u0443\u0432\u0430\u043d\u043d\u044f \u043a\u043e\u0440\u0438\u0441\u0442\u0443\u0432\u0430\u0446\u044c\u043a\u043e\u0433\u043e \u043f\u043e\u0442\u043e\u043a\u0443 \u0437 \u043f\u0440\u043e\u0442\u043e\u0442\u0438\u043f\u0443\u0432\u0430\u043d\u043d\u044f\u043c Hi-Fi \u043d\u0430 \u0435\u0442\u0430\u043f\u0456 \u043f\u043e\u043a\u0443\u043f\u043a\u0438 \u043a\u0432\u0438\u0442\u043a\u0430 \u0432 \u043a\u0456\u043d\u043e\u0442\u0435\u0430\u0442\u0440, \u0432\u0440\u0430\u0445\u043e\u0432\u0443\u044e\u0447\u0438, \u0449\u043e \u0446\u0456\u043b\u044c\u043e\u0432\u0438\u0439 \u043a\u043e\u0440\u0438\u0441\u0442\u0443\u0432\u0430\u0447 \u0454 \u043a\u043e\u0440\u0438\u0441\u0442\u0443\u0432\u0430\u0447\u0435\u043c GEN Z. \u0423 \u043f\u0440\u043e\u0435\u043a\u0442\u0456 \u0431\u0443\u043b\u043e \u043a\u0456\u043b\u044c\u043a\u0430 \u0435\u0442\u0430\u043f\u0456\u0432: 1. UX Benchmark  \u2047  \u043f\u043e\u0431\u0430\u0447\u0438\u0442\u0438, \u0449\u043e \u0432\u0436\u0435 \u0456\u0441\u043d\u0443\u0454, \u0449\u043e \u0454 \u043f\u043e\u0442\u043e\u0447\u043d\u0438\u043c \u0432\u0456\u0437\u0443\u0430\u043b\u044c\u043d\u0438\u043c [...]<\/p>","protected":false},"author":1,"featured_media":0,"parent":0,"menu_order":0,"comment_status":"closed","ping_status":"closed","template":"","meta":{"_uag_custom_page_level_css":"","site-sidebar-layout":"default","site-content-layout":"","ast-site-content-layout":"default","site-content-style":"default","site-sidebar-style":"default","ast-global-header-display":"","ast-banner-title-visibility":"","ast-main-header-display":"","ast-hfb-above-header-display":"","ast-hfb-below-header-display":"","ast-hfb-mobile-header-display":"","site-post-title":"","ast-breadcrumbs-content":"","ast-featured-img":"","footer-sml-layout":"","ast-disable-related-posts":"","theme-transparent-header-meta":"","adv-header-id-meta":"","stick-header-meta":"","header-above-stick-meta":"","header-main-stick-meta":"","header-below-stick-meta":"","astra-migrate-meta-layouts":"default","ast-page-background-enabled":"default","ast-page-background-meta":{"desktop":{"background-color":"","background-image":"","background-repeat":"repeat","background-position":"center center","background-size":"auto","background-attachment":"scroll","background-type":"","background-media":"","overlay-type":"","overlay-color":"","overlay-opacity":"","overlay-gradient":""},"tablet":{"background-color":"","background-image":"","background-repeat":"repeat","background-position":"center center","background-size":"auto","background-attachment":"scroll","background-type":"","background-media":"","overlay-type":"","overlay-color":"","overlay-opacity":"","overlay-gradient":""},"mobile":{"background-color":"","background-image":"","background-repeat":"repeat","background-position":"center center","background-size":"auto","background-attachment":"scroll","background-type":"","background-media":"","overlay-type":"","overlay-color":"","overlay-opacity":"","overlay-gradient":""}},"ast-content-background-meta":{"desktop":{"background-color":"var(--ast-global-color-5)","background-image":"","background-repeat":"repeat","background-position":"center center","background-size":"auto","background-attachment":"scroll","background-type":"","background-media":"","overlay-type":"","overlay-color":"","overlay-opacity":"","overlay-gradient":""},"tablet":{"background-color":"var(--ast-global-color-5)","background-image":"","background-repeat":"repeat","background-position":"center center","background-size":"auto","background-attachment":"scroll","background-type":"","background-media":"","overlay-type":"","overlay-color":"","overlay-opacity":"","overlay-gradient":""},"mobile":{"background-color":"var(--ast-global-color-5)","background-image":"","background-repeat":"repeat","background-position":"center center","background-size":"auto","background-attachment":"scroll","background-type":"","background-media":"","overlay-type":"","overlay-color":"","overlay-opacity":"","overlay-gradient":""}},"_vp_format_video_url":"","_vp_image_focal_point":[],"footnotes":""},"class_list":["post-196","page","type-page","status-publish","hentry"],"uagb_featured_image_src":{"full":false,"thumbnail":false,"medium":false,"medium_large":false,"large":false,"1536x1536":false,"2048x2048":false,"etm-custom-language-flag":false,"vp_sm":false,"vp_md":false,"vp_lg":false,"vp_xl":false,"vp_sm_popup":false,"vp_md_popup":false,"vp_xl_popup":false},"uagb_author_info":{"display_name":"Matthieu_Proficz","author_link":"https:\/\/mproficz.com\/uk\/author\/matthieu_proficz\/"},"uagb_comment_info":0,"uagb_excerpt":"Travail de groupe pour designer un user flow avec un prototypage Hi-Fi sur la phase d&rsquo;achat d&rsquo;un ticket de cin\u00e9ma, en consid\u00e9rant l&rsquo;utilisateur cible \u00e9tant un usager de la GEN Z. Il y a eu plusieurs phases dans le projet : 1. UX Benchmark &#8211; voir ce qui existe d\u00e9j\u00e0, quel est le visuel actuel&hellip;","_links":{"self":[{"href":"https:\/\/mproficz.com\/uk\/wp-json\/wp\/v2\/pages\/196","targetHints":{"allow":["GET"]}}],"collection":[{"href":"https:\/\/mproficz.com\/uk\/wp-json\/wp\/v2\/pages"}],"about":[{"href":"https:\/\/mproficz.com\/uk\/wp-json\/wp\/v2\/types\/page"}],"author":[{"embeddable":true,"href":"https:\/\/mproficz.com\/uk\/wp-json\/wp\/v2\/users\/1"}],"replies":[{"embeddable":true,"href":"https:\/\/mproficz.com\/uk\/wp-json\/wp\/v2\/comments?post=196"}],"version-history":[{"count":3,"href":"https:\/\/mproficz.com\/uk\/wp-json\/wp\/v2\/pages\/196\/revisions"}],"predecessor-version":[{"id":289,"href":"https:\/\/mproficz.com\/uk\/wp-json\/wp\/v2\/pages\/196\/revisions\/289"}],"wp:attachment":[{"href":"https:\/\/mproficz.com\/uk\/wp-json\/wp\/v2\/media?parent=196"}],"curies":[{"name":"wp","href":"https:\/\/api.w.org\/{rel}","templated":true}]}}