{"id":6,"date":"2023-04-28T10:07:57","date_gmt":"2023-04-28T10:07:57","guid":{"rendered":"https:\/\/mproficz.com\/?page_id=6"},"modified":"2026-01-13T17:20:34","modified_gmt":"2026-01-13T17:20:34","slug":"homepage-of-my-portfolio","status":"publish","type":"page","link":"https:\/\/mproficz.com\/pl\/","title":{"rendered":"Strona g\u0142\u00f3wna"},"content":{"rendered":"<div class=\"wp-block-uagb-container uagb-block-1caca93c alignwide uagb-is-root-container\">\n<div class=\"wp-block-uagb-advanced-heading uagb-block-914ec6a4\"><h5 class=\"uagb-heading-text\">UX UI Designer \u00b7 Projektant tre\u015bci<\/h5><\/div>\n\n\n\n<div class=\"wp-block-uagb-advanced-heading uagb-block-f13d7080\"><h1 class=\"uagb-heading-text\">Cze\u015b\u0107, jestem <em><mark style=\"background-color:rgba(0, 0, 0, 0)\" class=\"has-inline-color has-ast-global-color-1-color\">Mateusz Proficz<\/mark><\/em><\/h1><\/div>\n\n\n\n<p class=\"has-text-align-center\">Tworz\u0119 cyfrowe do\u015bwiadczenia, kt\u00f3re \u0142\u0105cz\u0105 estetyk\u0119 z funkcjonalno\u015bci\u0105.<br>Pasjonat tworzenia znacz\u0105cych produkt\u00f3w, kt\u00f3re inspiruj\u0105 i anga\u017cuj\u0105.<\/p>\n<\/div>\n\n\n\n<div class=\"wp-block-uagb-container uagb-layout-grid uagb-block-0daa2279 alignfull uagb-is-root-container\"><div class=\"uagb-container-inner-blocks-wrap\">\n<div class=\"wp-block-uagb-container uagb-block-1f9a1b42\">\n<figure class=\"wp-block-image size-large is-resized has-custom-border\"><a href=\"https:\/\/mproficz.com\/pl\/kinepolis-ui-design\/\"><img loading=\"lazy\" decoding=\"async\" width=\"1024\" height=\"1024\" src=\"https:\/\/mproficz.com\/wp-content\/uploads\/2025\/07\/Neutral-Minimalist-New-Fashion-Collection-Phone-Mockup-Instagram-Post-1024x1024.png\" alt=\"Neutralna minimalistyczna nowa kolekcja mody Telefon Mockup Instagram Post 1024x1024\" class=\"wp-image-290\" style=\"border-top-left-radius:10px;border-top-right-radius:10px;border-bottom-left-radius:0px;border-bottom-right-radius:0px;object-fit:cover;width:700px;height:250px\" title=\"Strona g\u0142\u00f3wna\" srcset=\"https:\/\/mproficz.com\/wp-content\/uploads\/2025\/07\/Neutral-Minimalist-New-Fashion-Collection-Phone-Mockup-Instagram-Post-1024x1024.png 1024w, https:\/\/mproficz.com\/wp-content\/uploads\/2025\/07\/Neutral-Minimalist-New-Fashion-Collection-Phone-Mockup-Instagram-Post-300x300.png 300w, https:\/\/mproficz.com\/wp-content\/uploads\/2025\/07\/Neutral-Minimalist-New-Fashion-Collection-Phone-Mockup-Instagram-Post-150x150.png 150w, https:\/\/mproficz.com\/wp-content\/uploads\/2025\/07\/Neutral-Minimalist-New-Fashion-Collection-Phone-Mockup-Instagram-Post-768x768.png 768w, https:\/\/mproficz.com\/wp-content\/uploads\/2025\/07\/Neutral-Minimalist-New-Fashion-Collection-Phone-Mockup-Instagram-Post-500x500.png 500w, https:\/\/mproficz.com\/wp-content\/uploads\/2025\/07\/Neutral-Minimalist-New-Fashion-Collection-Phone-Mockup-Instagram-Post-800x800.png 800w, https:\/\/mproficz.com\/wp-content\/uploads\/2025\/07\/Neutral-Minimalist-New-Fashion-Collection-Phone-Mockup-Instagram-Post.png 1080w\" sizes=\"auto, (max-width: 1024px) 100vw, 1024px\" \/><\/a><\/figure>\n\n\n\n<div class=\"wp-block-uagb-container uagb-block-ed7335b2\">\n<h4 class=\"wp-block-heading\"><a href=\"https:\/\/mproficz.com\/pl\/kinepolis-ui-design\/\">UX UI Design \u00b7 Pisanie UX<\/a><\/h4>\n\n\n\n<p>Kin\u00e9polis [koncepcja aplikacji] \u2013 od\u015bwie\u017cenie starej wersji aplikacji Kin\u00e9polis<\/p>\n\n\n\n<div class=\"wp-block-buttons is-layout-flex wp-block-buttons-is-layout-flex\">\n<div class=\"wp-block-button\"><a class=\"wp-block-button__link wp-element-button\" href=\"https:\/\/mproficz.com\/pl\/kinepolis-ui-design\/\">Zobacz projekt<\/a><\/div>\n<\/div>\n<\/div>\n<\/div>\n\n\n\n<div class=\"wp-block-uagb-container uagb-block-65a9beeb\">\n<figure class=\"wp-block-image size-large is-resized has-custom-border\"><img loading=\"lazy\" decoding=\"async\" width=\"1024\" height=\"534\" src=\"https:\/\/mproficz.com\/wp-content\/uploads\/2026\/01\/DentiCab_multiscreens_preview-1024x534.png\" alt=\"denti\" class=\"wp-image-1946\" style=\"border-top-left-radius:10px;border-top-right-radius:10px;border-bottom-left-radius:0px;border-bottom-right-radius:0px;object-fit:cover;width:700px;height:250px\" title=\"Strona g\u0142\u00f3wna\" srcset=\"https:\/\/mproficz.com\/wp-content\/uploads\/2026\/01\/DentiCab_multiscreens_preview-1024x534.png 1024w, https:\/\/mproficz.com\/wp-content\/uploads\/2026\/01\/DentiCab_multiscreens_preview-300x156.png 300w, https:\/\/mproficz.com\/wp-content\/uploads\/2026\/01\/DentiCab_multiscreens_preview-768x400.png 768w, https:\/\/mproficz.com\/wp-content\/uploads\/2026\/01\/DentiCab_multiscreens_preview-18x9.png 18w, https:\/\/mproficz.com\/wp-content\/uploads\/2026\/01\/DentiCab_multiscreens_preview-500x261.png 500w, https:\/\/mproficz.com\/wp-content\/uploads\/2026\/01\/DentiCab_multiscreens_preview-800x417.png 800w, https:\/\/mproficz.com\/wp-content\/uploads\/2026\/01\/DentiCab_multiscreens_preview-1280x667.png 1280w, https:\/\/mproficz.com\/wp-content\/uploads\/2026\/01\/DentiCab_multiscreens_preview.png 1454w\" sizes=\"auto, (max-width: 1024px) 100vw, 1024px\" \/><\/figure>\n\n\n\n<div class=\"wp-block-uagb-container uagb-block-a84c7d6e\">\n<h4 class=\"wp-block-heading\">UX UI Design \u00b7 Pisanie UX<\/h4>\n\n\n\n<p>Denti\u2019Cab [koncepcja aplikacji] \u2013 Przep\u0142yw u\u017cytkownik\u00f3w klienta umawiaj\u0105cego si\u0119 na spotkanie.<\/p>\n\n\n\n\n\n<div class=\"wp-block-buttons is-layout-flex wp-block-buttons-is-layout-flex\">\n<div class=\"wp-block-button\"><a class=\"wp-block-button__link wp-element-button\" href=\"https:\/\/mproficz.com\/pl\/denticab\/\">Zobacz projekt<\/a><\/div>\n<\/div>\n<\/div>\n<\/div>\n\n\n\n<div class=\"wp-block-uagb-container uagb-block-caba6383\">\n<figure class=\"wp-block-image size-large is-resized has-custom-border\"><img loading=\"lazy\" decoding=\"async\" width=\"1024\" height=\"759\" src=\"https:\/\/mproficz.com\/wp-content\/uploads\/2023\/12\/Accompagnement-section-EP-mockup-1024x759.png\" alt=\"Sekcja wsparcia EP Mockup 1024x759\" class=\"wp-image-87\" style=\"border-top-left-radius:10px;border-top-right-radius:10px;border-bottom-left-radius:0px;border-bottom-right-radius:0px;object-fit:cover;width:700px;height:250px\" title=\"Strona g\u0142\u00f3wna\" srcset=\"https:\/\/mproficz.com\/wp-content\/uploads\/2023\/12\/Accompagnement-section-EP-mockup-1024x759.png 1024w, https:\/\/mproficz.com\/wp-content\/uploads\/2023\/12\/Accompagnement-section-EP-mockup-300x222.png 300w, https:\/\/mproficz.com\/wp-content\/uploads\/2023\/12\/Accompagnement-section-EP-mockup-768x569.png 768w, https:\/\/mproficz.com\/wp-content\/uploads\/2023\/12\/Accompagnement-section-EP-mockup-1536x1138.png 1536w, https:\/\/mproficz.com\/wp-content\/uploads\/2023\/12\/Accompagnement-section-EP-mockup-2048x1518.png 2048w\" sizes=\"auto, (max-width: 1024px) 100vw, 1024px\" \/><\/figure>\n\n\n\n<div class=\"wp-block-uagb-container uagb-block-7a621818\">\n<h4 class=\"wp-block-heading\">Projektowanie stron internetowych<\/h4>\n\n\n\n<p>Coaching i poradnictwo dla m\u0142odzie\u017cy\/doros\u0142ych.<\/p>\n\n\n\n<div class=\"wp-block-buttons is-layout-flex wp-block-buttons-is-layout-flex\">\n<div class=\"wp-block-button\"><a class=\"wp-block-button__link wp-element-button\" href=\"https:\/\/mproficz.com\/pl\/web-design-coaching-orientation\/\">Zobacz projekt<\/a><\/div>\n\n\n\n<div class=\"wp-block-button is-style-outline is-style-outline--1\"><a class=\"wp-block-button__link wp-element-button\" href=\"https:\/\/estherproficz.com\/\" target=\"_blank\" rel=\"noreferrer noopener\">Odwied\u017a stron\u0119 internetow\u0105<\/a><\/div>\n<\/div>\n<\/div>\n<\/div>\n\n\n\n<div class=\"wp-block-uagb-container uagb-block-adf93b56\">\n<figure class=\"wp-block-image size-large is-resized has-custom-border\"><img loading=\"lazy\" decoding=\"async\" width=\"1024\" height=\"768\" src=\"https:\/\/mproficz.com\/wp-content\/uploads\/2026\/01\/Homepage_multiscreens-1024x768.jpg\" alt=\"strona g\u0142\u00f3wna multiscreens\" class=\"wp-image-1920\" style=\"border-top-left-radius:10px;border-top-right-radius:10px;border-bottom-left-radius:0px;border-bottom-right-radius:0px;object-fit:cover;width:700px;height:250px\" title=\"Strona g\u0142\u00f3wna\" srcset=\"https:\/\/mproficz.com\/wp-content\/uploads\/2026\/01\/Homepage_multiscreens-1024x768.jpg 1024w, https:\/\/mproficz.com\/wp-content\/uploads\/2026\/01\/Homepage_multiscreens-300x225.jpg 300w, https:\/\/mproficz.com\/wp-content\/uploads\/2026\/01\/Homepage_multiscreens-768x576.jpg 768w, https:\/\/mproficz.com\/wp-content\/uploads\/2026\/01\/Homepage_multiscreens-1536x1152.jpg 1536w, https:\/\/mproficz.com\/wp-content\/uploads\/2026\/01\/Homepage_multiscreens-16x12.jpg 16w, https:\/\/mproficz.com\/wp-content\/uploads\/2026\/01\/Homepage_multiscreens-500x375.jpg 500w, https:\/\/mproficz.com\/wp-content\/uploads\/2026\/01\/Homepage_multiscreens-800x600.jpg 800w, https:\/\/mproficz.com\/wp-content\/uploads\/2026\/01\/Homepage_multiscreens-1280x960.jpg 1280w, https:\/\/mproficz.com\/wp-content\/uploads\/2026\/01\/Homepage_multiscreens.jpg 1920w\" sizes=\"auto, (max-width: 1024px) 100vw, 1024px\" \/><\/figure>\n\n\n\n<div class=\"wp-block-uagb-container uagb-block-0043ab28\">\n<h4 class=\"wp-block-heading\">UX UI Projektowanie &amp; Copywriting<\/h4>\n\n\n\n<p>Pgr Brodno \u2013 Edukacyjne zaj\u0119cia rolnicze i szkolne dla dzieci (kindergarden &amp; powy\u017cej)<\/p>\n\n\n\n<div class=\"wp-block-buttons is-layout-flex wp-block-buttons-is-layout-flex\">\n<div class=\"wp-block-button\"><a class=\"wp-block-button__link wp-element-button\" href=\"https:\/\/mproficz.com\/pl\/pgr-brodno-case-study\/\">Zobacz projekt<\/a><\/div>\n\n\n\n<div class=\"wp-block-button is-style-outline is-style-outline--2\"><a class=\"wp-block-button__link wp-element-button\" href=\"https:\/\/pgrbrodno.pl\/\">Odwied\u017a stron\u0119 internetow\u0105<\/a><\/div>\n<\/div>\n<\/div>\n<\/div>\n\n\n\n<div class=\"wp-block-uagb-container uagb-block-38b32074\">\n<figure class=\"wp-block-image size-large is-resized has-custom-border\"><img loading=\"lazy\" decoding=\"async\" width=\"1024\" height=\"1024\" src=\"https:\/\/mproficz.com\/wp-content\/uploads\/2025\/05\/Modern-Minimalist-Website-Launch-Promotion-Instagram-Post-1024x1024.png\" alt=\"Nowoczesna minimalistyczna promocja witryny Instagram Post 1024x1024\" class=\"wp-image-274\" style=\"border-top-left-radius:10px;border-top-right-radius:10px;border-bottom-left-radius:0px;border-bottom-right-radius:0px;object-fit:cover;width:700px;height:250px\" title=\"Strona g\u0142\u00f3wna\" srcset=\"https:\/\/mproficz.com\/wp-content\/uploads\/2025\/05\/Modern-Minimalist-Website-Launch-Promotion-Instagram-Post-1024x1024.png 1024w, https:\/\/mproficz.com\/wp-content\/uploads\/2025\/05\/Modern-Minimalist-Website-Launch-Promotion-Instagram-Post-300x300.png 300w, https:\/\/mproficz.com\/wp-content\/uploads\/2025\/05\/Modern-Minimalist-Website-Launch-Promotion-Instagram-Post-150x150.png 150w, https:\/\/mproficz.com\/wp-content\/uploads\/2025\/05\/Modern-Minimalist-Website-Launch-Promotion-Instagram-Post-768x768.png 768w, https:\/\/mproficz.com\/wp-content\/uploads\/2025\/05\/Modern-Minimalist-Website-Launch-Promotion-Instagram-Post-500x500.png 500w, https:\/\/mproficz.com\/wp-content\/uploads\/2025\/05\/Modern-Minimalist-Website-Launch-Promotion-Instagram-Post-800x800.png 800w, https:\/\/mproficz.com\/wp-content\/uploads\/2025\/05\/Modern-Minimalist-Website-Launch-Promotion-Instagram-Post.png 1080w\" sizes=\"auto, (max-width: 1024px) 100vw, 1024px\" \/><\/figure>\n\n\n\n<div class=\"wp-block-uagb-container uagb-block-ede80900\">\n<h4 class=\"wp-block-heading\">Projektowanie stron internetowych<\/h4>\n\n\n\n<p>[Wkr\u00f3tce] Belgijska organizacja non-profit, kt\u00f3ra pomaga m\u0142odym ludziom w wi\u0119zieniach w reintegracji spo\u0142ecznej<\/p>\n\n\n\n\n\n<div class=\"wp-block-buttons is-layout-flex wp-block-buttons-is-layout-flex\">\n<div class=\"wp-block-button\"><a class=\"wp-block-button__link wp-element-button\" href=\"https:\/\/collectifdesistance.be\/\">Odwied\u017a stron\u0119 internetow\u0105<\/a><\/div>\n<\/div>\n<\/div>\n<\/div>\n\n\n\n<div class=\"wp-block-uagb-container uagb-block-bb0a045f\">\n<figure class=\"wp-block-image size-large is-resized has-custom-border\"><img loading=\"lazy\" decoding=\"async\" width=\"1024\" height=\"767\" src=\"https:\/\/mproficz.com\/wp-content\/uploads\/visual-portfolio\/placeholder-1024x767.png\" alt=\"Zast\u0119pca 1024x767\" class=\"wp-image-95\" style=\"border-top-left-radius:10px;border-top-right-radius:10px;border-bottom-left-radius:0px;border-bottom-right-radius:0px;object-fit:cover;width:700px;height:250px\" title=\"Strona g\u0142\u00f3wna\" srcset=\"https:\/\/mproficz.com\/wp-content\/uploads\/visual-portfolio\/placeholder-1024x767.png 1024w, https:\/\/mproficz.com\/wp-content\/uploads\/visual-portfolio\/placeholder-300x225.png 300w, https:\/\/mproficz.com\/wp-content\/uploads\/visual-portfolio\/placeholder-768x576.png 768w, https:\/\/mproficz.com\/wp-content\/uploads\/visual-portfolio\/placeholder-500x375.png 500w, https:\/\/mproficz.com\/wp-content\/uploads\/visual-portfolio\/placeholder-800x600.png 800w, https:\/\/mproficz.com\/wp-content\/uploads\/visual-portfolio\/placeholder.png 1201w\" sizes=\"auto, (max-width: 1024px) 100vw, 1024px\" \/><\/figure>\n\n\n\n<div class=\"wp-block-uagb-container uagb-block-69db3c1f\">\n<h4 class=\"wp-block-heading\">Pisanie UX \u00b7 Projektowanie UX UI<\/h4>\n\n\n\n<p>HOF \u2013 [Wkr\u00f3tce]: Formularze UX Writing, architektura informacji<\/p>\n\n\n<\/div>\n<\/div>\n<\/div><\/div>\n\n\n\n<div class=\"wp-block-uagb-container uagb-block-9cdf219c alignfull uagb-is-root-container\"><div class=\"uagb-container-inner-blocks-wrap\">\n<div class=\"wp-block-uagb-container uagb-block-22ae55ed\">\n<div class=\"wp-block-uagb-advanced-heading uagb-block-327bf6aa\"><p class=\"uagb-desc-text\">O mnie<\/p><h2 class=\"uagb-heading-text\">Cyfrowe rzemios\u0142o <mark style=\"background-color:rgba(0, 0, 0, 0)\" class=\"has-inline-color has-ast-global-color-1-color\"><em>doznania<\/em><\/mark><\/h2><\/div>\n\n\n\n<p>Jestem Matthieu Proficz, pisarz UX \/ projektant tre\u015bci, z do\u015bwiadczeniem w projektowaniu UX UI. Szukam nowych mo\u017cliwo\u015bci pracy, aby rozwija\u0107 swoje umiej\u0119tno\u015bci, i wykorzystuj\u0119 te, kt\u00f3re ju\u017c mam, aby stworzy\u0107 produkt anga\u017cuj\u0105cy u\u017cytkownik\u00f3w. <\/p>\n\n\n\n<p>Kiedy nie projektuj\u0119, znajdziesz mnie w wyzwaniach zwi\u0105zanych z grami wideo, pisaniem, czytaniem o psychologii lub chodzeniem z psem. <\/p>\n<\/div>\n\n\n\n<div class=\"wp-block-uagb-container uagb-block-2b353dad\">\n<figure class=\"wp-block-image alignright size-full is-resized\"><img loading=\"lazy\" decoding=\"async\" width=\"800\" height=\"800\" src=\"https:\/\/mproficz.com\/wp-content\/uploads\/2025\/04\/Design-sans-titre-1.png\" alt=\"Projektowanie bez tytu\u0142u 1\" class=\"wp-image-258\" style=\"aspect-ratio:1;object-fit:cover;width:379px;height:auto\" title=\"Strona g\u0142\u00f3wna\" srcset=\"https:\/\/mproficz.com\/wp-content\/uploads\/2025\/04\/Design-sans-titre-1.png 800w, https:\/\/mproficz.com\/wp-content\/uploads\/2025\/04\/Design-sans-titre-1-300x300.png 300w, https:\/\/mproficz.com\/wp-content\/uploads\/2025\/04\/Design-sans-titre-1-150x150.png 150w, https:\/\/mproficz.com\/wp-content\/uploads\/2025\/04\/Design-sans-titre-1-768x768.png 768w, https:\/\/mproficz.com\/wp-content\/uploads\/2025\/04\/Design-sans-titre-1-500x500.png 500w\" sizes=\"auto, (max-width: 800px) 100vw, 800px\" \/><\/figure>\n<\/div>\n<\/div><\/div>\n\n\n\n<div class=\"wp-block-uagb-container uagb-block-029402bc alignfull uagb-is-root-container\"><div class=\"uagb-container-inner-blocks-wrap\">\n<div class=\"wp-block-uagb-advanced-heading uagb-block-796cd1d0\"><p class=\"uagb-desc-text\"><mark style=\"background-color:rgba(0, 0, 0, 0)\" class=\"has-inline-color has-ast-global-color-1-color\">Pracujmy razem<\/mark><\/p><h2 class=\"uagb-heading-text\">Gotowy do rozpocz\u0119cia <br>tw\u00f3j <em><mark style=\"background-color:rgba(0, 0, 0, 0)\" class=\"has-inline-color has-ast-global-color-1-color\">nast\u0119pny projekt<\/mark><\/em> ? <\/h2><\/div>\n\n\n\n<p class=\"has-text-align-center\">Zawsze jestem otwarty na dyskusje na temat nowych projekt\u00f3w, kreatywnych pomys\u0142\u00f3w lub mo\u017cliwo\u015bci<br>B\u0105d\u017a cz\u0119\u015bci\u0105 swojej wizji.<\/p>\n\n\n\n<div class=\"wp-block-buttons is-content-justification-center is-layout-flex wp-container-core-buttons-is-layout-a89b3969 wp-block-buttons-is-layout-flex\">\n<div class=\"wp-block-button\"><a class=\"wp-block-button__link wp-element-button\" href=\"mailto:mt.proficz@gmail.com\">Porozmawiajmy<\/a><\/div>\n<\/div>\n<\/div><\/div>","protected":false},"excerpt":{"rendered":"<p>Projektant UX UI \u00b7 Projektant tre\u015bci Witam, jestem Matthieu Proficz Tworz\u0119 cyfrowe do\u015bwiadczenia, kt\u00f3re \u0142\u0105cz\u0105 estetyk\u0119 z funkcjonalno\u015bci\u0105. Pasjonuje si\u0119 tworzeniem znacz\u0105cych produkt\u00f3w, kt\u00f3re inspiruj\u0105 i anga\u017cuj\u0105. UX UI Design \u00b7 UX writing Kin\u00e9polis [koncepcja aplikacji] \u2013 Modernizacja starej wersji aplikacji Kin\u00e9polis UX UI Design \u00b7 UX writing Denti\u2019Cab [koncepcja aplikacji] [...]<\/p>","protected":false},"author":1,"featured_media":0,"parent":0,"menu_order":0,"comment_status":"closed","ping_status":"closed","template":"","meta":{"_uag_custom_page_level_css":"","site-sidebar-layout":"default","site-content-layout":"","ast-site-content-layout":"default","site-content-style":"default","site-sidebar-style":"default","ast-global-header-display":"","ast-banner-title-visibility":"","ast-main-header-display":"","ast-hfb-above-header-display":"","ast-hfb-below-header-display":"","ast-hfb-mobile-header-display":"","site-post-title":"disabled","ast-breadcrumbs-content":"","ast-featured-img":"","footer-sml-layout":"","ast-disable-related-posts":"","theme-transparent-header-meta":"","adv-header-id-meta":"","stick-header-meta":"","header-above-stick-meta":"","header-main-stick-meta":"","header-below-stick-meta":"","astra-migrate-meta-layouts":"set","ast-page-background-enabled":"default","ast-page-background-meta":{"desktop":{"background-color":"","background-image":"","background-repeat":"repeat","background-position":"center center","background-size":"auto","background-attachment":"scroll","background-type":"","background-media":"","overlay-type":"","overlay-color":"","overlay-opacity":"","overlay-gradient":""},"tablet":{"background-color":"","background-image":"","background-repeat":"repeat","background-position":"center center","background-size":"auto","background-attachment":"scroll","background-type":"","background-media":"","overlay-type":"","overlay-color":"","overlay-opacity":"","overlay-gradient":""},"mobile":{"background-color":"","background-image":"","background-repeat":"repeat","background-position":"center center","background-size":"auto","background-attachment":"scroll","background-type":"","background-media":"","overlay-type":"","overlay-color":"","overlay-opacity":"","overlay-gradient":""}},"ast-content-background-meta":{"desktop":{"background-color":"var(--ast-global-color-5)","background-image":"","background-repeat":"repeat","background-position":"center center","background-size":"auto","background-attachment":"scroll","background-type":"","background-media":"","overlay-type":"","overlay-color":"","overlay-opacity":"","overlay-gradient":""},"tablet":{"background-color":"var(--ast-global-color-5)","background-image":"","background-repeat":"repeat","background-position":"center center","background-size":"auto","background-attachment":"scroll","background-type":"","background-media":"","overlay-type":"","overlay-color":"","overlay-opacity":"","overlay-gradient":""},"mobile":{"background-color":"var(--ast-global-color-5)","background-image":"","background-repeat":"repeat","background-position":"center center","background-size":"auto","background-attachment":"scroll","background-type":"","background-media":"","overlay-type":"","overlay-color":"","overlay-opacity":"","overlay-gradient":""}},"_vp_format_video_url":"","_vp_image_focal_point":[],"footnotes":""},"class_list":["post-6","page","type-page","status-publish","hentry"],"uagb_featured_image_src":{"full":false,"thumbnail":false,"medium":false,"medium_large":false,"large":false,"1536x1536":false,"2048x2048":false,"etm-custom-language-flag":false,"vp_sm":false,"vp_md":false,"vp_lg":false,"vp_xl":false,"vp_sm_popup":false,"vp_md_popup":false,"vp_xl_popup":false},"uagb_author_info":{"display_name":"Matthieu_Proficz","author_link":"https:\/\/mproficz.com\/pl\/author\/matthieu_proficz\/"},"uagb_comment_info":0,"uagb_excerpt":"UX UI Designer \u00b7 Content designer Hello, I&rsquo;m Matthieu Proficz I craft digital experiences that blend aesthetics with functionality.Passionate about creating meaningful products that inspire and engage. UX UI Design \u00b7 UX writing Kin\u00e9polis [app concept] &#8211; Revamp of the old version of the Kin\u00e9polis app UX UI Design \u00b7 UX writing Denti&rsquo;Cab [app concept]&hellip;","_links":{"self":[{"href":"https:\/\/mproficz.com\/pl\/wp-json\/wp\/v2\/pages\/6","targetHints":{"allow":["GET"]}}],"collection":[{"href":"https:\/\/mproficz.com\/pl\/wp-json\/wp\/v2\/pages"}],"about":[{"href":"https:\/\/mproficz.com\/pl\/wp-json\/wp\/v2\/types\/page"}],"author":[{"embeddable":true,"href":"https:\/\/mproficz.com\/pl\/wp-json\/wp\/v2\/users\/1"}],"replies":[{"embeddable":true,"href":"https:\/\/mproficz.com\/pl\/wp-json\/wp\/v2\/comments?post=6"}],"version-history":[{"count":80,"href":"https:\/\/mproficz.com\/pl\/wp-json\/wp\/v2\/pages\/6\/revisions"}],"predecessor-version":[{"id":1975,"href":"https:\/\/mproficz.com\/pl\/wp-json\/wp\/v2\/pages\/6\/revisions\/1975"}],"wp:attachment":[{"href":"https:\/\/mproficz.com\/pl\/wp-json\/wp\/v2\/media?parent=6"}],"curies":[{"name":"wp","href":"https:\/\/api.w.org\/{rel}","templated":true}]}}