{"id":196,"date":"2024-02-23T15:42:40","date_gmt":"2024-02-23T15:42:40","guid":{"rendered":"https:\/\/mproficz.com\/?page_id=196"},"modified":"2025-07-18T10:24:13","modified_gmt":"2025-07-18T10:24:13","slug":"kinepolis-ui-design","status":"publish","type":"page","link":"https:\/\/mproficz.com\/pl\/kinepolis-ui-design\/","title":{"rendered":"Kin\u00e9polis \u2013 projektowanie interfejs\u00f3w u\u017cytkownika"},"content":{"rendered":"<p class=\"has-text-align-left\">Grupa pracuje nad zaprojektowaniem przep\u0142ywu u\u017cytkownik\u00f3w z prototypowaniem Hi-Fi na etapie zakupu biletu kinowego, bior\u0105c pod uwag\u0119 u\u017cytkownika docelowego jako u\u017cytkownika GEN Z.<\/p>\n\n\n\n<figure class=\"wp-block-image size-large\"><img loading=\"lazy\" decoding=\"async\" width=\"1024\" height=\"683\" src=\"https:\/\/mproficz.com\/wp-content\/uploads\/2024\/02\/Kinepolis-old-versions-8-screens-1024x683.png\" alt=\"Kinepolis Stare wersje 8 ekran\u00f3w 1024x683\" class=\"wp-image-204\" title=\"Kin\u00e9polis - Projektowanie interfejsu u\u017cytkownika\" srcset=\"https:\/\/mproficz.com\/wp-content\/uploads\/2024\/02\/Kinepolis-old-versions-8-screens-1024x683.png 1024w, https:\/\/mproficz.com\/wp-content\/uploads\/2024\/02\/Kinepolis-old-versions-8-screens-300x200.png 300w, https:\/\/mproficz.com\/wp-content\/uploads\/2024\/02\/Kinepolis-old-versions-8-screens-768x512.png 768w, https:\/\/mproficz.com\/wp-content\/uploads\/2024\/02\/Kinepolis-old-versions-8-screens-1536x1024.png 1536w, https:\/\/mproficz.com\/wp-content\/uploads\/2024\/02\/Kinepolis-old-versions-8-screens-2048x1366.png 2048w, https:\/\/mproficz.com\/wp-content\/uploads\/2024\/02\/Kinepolis-old-versions-8-screens-500x333.png 500w, https:\/\/mproficz.com\/wp-content\/uploads\/2024\/02\/Kinepolis-old-versions-8-screens-800x533.png 800w, https:\/\/mproficz.com\/wp-content\/uploads\/2024\/02\/Kinepolis-old-versions-8-screens-1280x853.png 1280w, https:\/\/mproficz.com\/wp-content\/uploads\/2024\/02\/Kinepolis-old-versions-8-screens-1920x1280.png 1920w\" sizes=\"auto, (max-width: 1024px) 100vw, 1024px\" \/><figcaption class=\"wp-element-caption\">Projektowanie natywne<\/figcaption><\/figure>\n\n\n\n<div style=\"height:80px\" aria-hidden=\"true\" class=\"wp-block-spacer\"><\/div>\n\n\n\n<p class=\"has-text-align-left\">Projekt sk\u0142ada\u0142 si\u0119 z kilku etap\u00f3w: <\/p>\n\n\n\n<p><br>1. <strong>UX Benchmark<\/strong> \u2013 zobacz, co ju\u017c istnieje, jaki jest obecny wygl\u0105d aplikacji Kin\u00e9polis i z jakimi problemami borykaj\u0105 si\u0119 u\u017cytkownicy.  <br>\u2013 Jakie s\u0105 wizualizacje innych aplikacji tego samego rodzaju: UGC, Pathe, Allocin\u00e9... i jakie bloki\/dzia\u0142aj\u0105 w nich. <br>\u2013 Przeczytaj komentarze online zwi\u0105zane z do\u015bwiadczeniami u\u017cytkownika, aby zidentyfikowa\u0107 ewentualne powa\u017cne problemy.<br>\u2013 Za po\u015brednictwem Pinteresta, Behance itp. mo\u017cna znale\u017a\u0107 przyk\u0142ady projekt\u00f3w, zobaczy\u0107 materia\u0142y wizualne, kt\u00f3re przyci\u0105gaj\u0105\/prosz\u0105. <\/p>\n\n\n\n<p>2. Osi\u0105gni\u0119cie <strong>Przep\u0142yw u\u017cytkownik\u00f3w <\/strong>oraz definicja <strong>EPICS <\/strong><br>\u2013 Wyb\u00f3r i zakup bilet\u00f3w<br>\u2013 Zarz\u0105dzanie profilem u\u017cytkownika<br>Powiadomienia i zalecenia<br>\u2013 Zarz\u0105dzanie sal\u0105 i harmonogramem<br>\u2013 P\u0142atno\u015b\u0107 i zabezpieczenie<\/p>\n\n\n\n<p>3. <strong>Prototypowanie <\/strong>na podstawie materia\u0142\u00f3w wizualnych i analizy komentarzy, w celu u\u0142atwienia zakupu biletu do kina. <br><\/p>\n\n\n\n<figure class=\"wp-block-image size-large\"><img loading=\"lazy\" decoding=\"async\" width=\"1024\" height=\"297\" src=\"https:\/\/mproficz.com\/wp-content\/uploads\/2024\/02\/Epics-User-flow-1024x297.png\" alt=\"Przep\u0142yw u\u017cytkownik\u00f3w Epics 1024x297\" class=\"wp-image-197\" title=\"Kin\u00e9polis - Projektowanie interfejsu u\u017cytkownika\" srcset=\"https:\/\/mproficz.com\/wp-content\/uploads\/2024\/02\/Epics-User-flow-1024x297.png 1024w, https:\/\/mproficz.com\/wp-content\/uploads\/2024\/02\/Epics-User-flow-300x87.png 300w, https:\/\/mproficz.com\/wp-content\/uploads\/2024\/02\/Epics-User-flow-768x223.png 768w, https:\/\/mproficz.com\/wp-content\/uploads\/2024\/02\/Epics-User-flow-1536x446.png 1536w, https:\/\/mproficz.com\/wp-content\/uploads\/2024\/02\/Epics-User-flow-2048x595.png 2048w, https:\/\/mproficz.com\/wp-content\/uploads\/2024\/02\/Epics-User-flow-500x145.png 500w, https:\/\/mproficz.com\/wp-content\/uploads\/2024\/02\/Epics-User-flow-800x232.png 800w, https:\/\/mproficz.com\/wp-content\/uploads\/2024\/02\/Epics-User-flow-1280x372.png 1280w, https:\/\/mproficz.com\/wp-content\/uploads\/2024\/02\/Epics-User-flow-1920x558.png 1920w\" sizes=\"auto, (max-width: 1024px) 100vw, 1024px\" \/><figcaption class=\"wp-element-caption\">Przep\u0142yw u\u017cytkownik\u00f3w<\/figcaption><\/figure>\n\n\n\n<div style=\"height:80px\" aria-hidden=\"true\" class=\"wp-block-spacer\"><\/div>\n\n\n\n<h2 class=\"wp-block-heading has-text-align-center\">Prototypowanie HI-FI<\/h2>\n\n\n\n<div class=\"wp-block-group is-layout-constrained wp-block-group-is-layout-constrained\">\n<figure class=\"wp-block-gallery has-nested-images columns-default is-cropped wp-block-gallery-1 is-layout-flex wp-block-gallery-is-layout-flex\">\n<figure class=\"wp-block-image size-large\"><img loading=\"lazy\" decoding=\"async\" width=\"404\" height=\"858\" data-id=\"203\" src=\"https:\/\/mproficz.com\/wp-content\/uploads\/2024\/02\/Homepage.png\" alt=\"Strona g\u0142\u00f3wna\" class=\"wp-image-203\" title=\"Kin\u00e9polis - Projektowanie interfejsu u\u017cytkownika\" srcset=\"https:\/\/mproficz.com\/wp-content\/uploads\/2024\/02\/Homepage.png 404w, https:\/\/mproficz.com\/wp-content\/uploads\/2024\/02\/Homepage-141x300.png 141w\" sizes=\"auto, (max-width: 404px) 100vw, 404px\" \/><\/figure>\n\n\n\n<figure class=\"wp-block-image size-large\"><img loading=\"lazy\" decoding=\"async\" width=\"404\" height=\"854\" data-id=\"202\" src=\"https:\/\/mproficz.com\/wp-content\/uploads\/2024\/02\/Movie-Page.png\" alt=\"Strona filmowa\" class=\"wp-image-202\" title=\"Kin\u00e9polis - Projektowanie interfejsu u\u017cytkownika\" srcset=\"https:\/\/mproficz.com\/wp-content\/uploads\/2024\/02\/Movie-Page.png 404w, https:\/\/mproficz.com\/wp-content\/uploads\/2024\/02\/Movie-Page-142x300.png 142w\" sizes=\"auto, (max-width: 404px) 100vw, 404px\" \/><\/figure>\n\n\n\n<figure class=\"wp-block-image size-large\"><img loading=\"lazy\" decoding=\"async\" width=\"404\" height=\"858\" data-id=\"198\" src=\"https:\/\/mproficz.com\/wp-content\/uploads\/2024\/02\/Choix-du-ticket.png\" alt=\"Wyb\u00f3r biletu\" class=\"wp-image-198\" title=\"Kin\u00e9polis - Projektowanie interfejsu u\u017cytkownika\" srcset=\"https:\/\/mproficz.com\/wp-content\/uploads\/2024\/02\/Choix-du-ticket.png 404w, https:\/\/mproficz.com\/wp-content\/uploads\/2024\/02\/Choix-du-ticket-141x300.png 141w\" sizes=\"auto, (max-width: 404px) 100vw, 404px\" \/><\/figure>\n\n\n\n<figure class=\"wp-block-image size-large\"><img loading=\"lazy\" decoding=\"async\" width=\"404\" height=\"858\" data-id=\"200\" src=\"https:\/\/mproficz.com\/wp-content\/uploads\/2024\/02\/Choix-place.png\" alt=\"Wyb\u00f3r miejsca\" class=\"wp-image-200\" title=\"Kin\u00e9polis - Projektowanie interfejsu u\u017cytkownika\" srcset=\"https:\/\/mproficz.com\/wp-content\/uploads\/2024\/02\/Choix-place.png 404w, https:\/\/mproficz.com\/wp-content\/uploads\/2024\/02\/Choix-place-141x300.png 141w\" sizes=\"auto, (max-width: 404px) 100vw, 404px\" \/><\/figure>\n\n\n\n<figure class=\"wp-block-image size-large\"><img loading=\"lazy\" decoding=\"async\" width=\"404\" height=\"858\" data-id=\"199\" src=\"https:\/\/mproficz.com\/wp-content\/uploads\/2024\/02\/Check-out.png\" alt=\"Sprawd\u017a\" class=\"wp-image-199\" title=\"Kin\u00e9polis - Projektowanie interfejsu u\u017cytkownika\" srcset=\"https:\/\/mproficz.com\/wp-content\/uploads\/2024\/02\/Check-out.png 404w, https:\/\/mproficz.com\/wp-content\/uploads\/2024\/02\/Check-out-141x300.png 141w\" sizes=\"auto, (max-width: 404px) 100vw, 404px\" \/><\/figure>\n\n\n\n<figure class=\"wp-block-image size-large\"><img loading=\"lazy\" decoding=\"async\" width=\"404\" height=\"858\" data-id=\"201\" src=\"https:\/\/mproficz.com\/wp-content\/uploads\/2024\/02\/Check-out-2.png\" alt=\"Sprawd\u017a 2\" class=\"wp-image-201\" title=\"Kin\u00e9polis - Projektowanie interfejsu u\u017cytkownika\" srcset=\"https:\/\/mproficz.com\/wp-content\/uploads\/2024\/02\/Check-out-2.png 404w, https:\/\/mproficz.com\/wp-content\/uploads\/2024\/02\/Check-out-2-141x300.png 141w\" sizes=\"auto, (max-width: 404px) 100vw, 404px\" \/><\/figure>\n<\/figure>\n<\/div>","protected":false},"excerpt":{"rendered":"<p>Prace grupowe maj\u0105ce na celu zaprojektowanie przep\u0142ywu u\u017cytkownik\u00f3w z prototypowaniem Hi-Fi na etapie zakupu biletu do kina, bior\u0105c pod uwag\u0119, \u017ce u\u017cytkownik docelowy jest u\u017cytkownikiem GEN Z. Projekt sk\u0142ada\u0142 si\u0119 z kilku etap\u00f3w: 1. UX Benchmark \u2013 zobacz, co ju\u017c istnieje, jaki jest obecny wizualny [...]<\/p>","protected":false},"author":1,"featured_media":0,"parent":0,"menu_order":0,"comment_status":"closed","ping_status":"closed","template":"","meta":{"_uag_custom_page_level_css":"","site-sidebar-layout":"default","site-content-layout":"","ast-site-content-layout":"default","site-content-style":"default","site-sidebar-style":"default","ast-global-header-display":"","ast-banner-title-visibility":"","ast-main-header-display":"","ast-hfb-above-header-display":"","ast-hfb-below-header-display":"","ast-hfb-mobile-header-display":"","site-post-title":"","ast-breadcrumbs-content":"","ast-featured-img":"","footer-sml-layout":"","ast-disable-related-posts":"","theme-transparent-header-meta":"","adv-header-id-meta":"","stick-header-meta":"","header-above-stick-meta":"","header-main-stick-meta":"","header-below-stick-meta":"","astra-migrate-meta-layouts":"default","ast-page-background-enabled":"default","ast-page-background-meta":{"desktop":{"background-color":"","background-image":"","background-repeat":"repeat","background-position":"center center","background-size":"auto","background-attachment":"scroll","background-type":"","background-media":"","overlay-type":"","overlay-color":"","overlay-opacity":"","overlay-gradient":""},"tablet":{"background-color":"","background-image":"","background-repeat":"repeat","background-position":"center center","background-size":"auto","background-attachment":"scroll","background-type":"","background-media":"","overlay-type":"","overlay-color":"","overlay-opacity":"","overlay-gradient":""},"mobile":{"background-color":"","background-image":"","background-repeat":"repeat","background-position":"center center","background-size":"auto","background-attachment":"scroll","background-type":"","background-media":"","overlay-type":"","overlay-color":"","overlay-opacity":"","overlay-gradient":""}},"ast-content-background-meta":{"desktop":{"background-color":"var(--ast-global-color-5)","background-image":"","background-repeat":"repeat","background-position":"center center","background-size":"auto","background-attachment":"scroll","background-type":"","background-media":"","overlay-type":"","overlay-color":"","overlay-opacity":"","overlay-gradient":""},"tablet":{"background-color":"var(--ast-global-color-5)","background-image":"","background-repeat":"repeat","background-position":"center center","background-size":"auto","background-attachment":"scroll","background-type":"","background-media":"","overlay-type":"","overlay-color":"","overlay-opacity":"","overlay-gradient":""},"mobile":{"background-color":"var(--ast-global-color-5)","background-image":"","background-repeat":"repeat","background-position":"center center","background-size":"auto","background-attachment":"scroll","background-type":"","background-media":"","overlay-type":"","overlay-color":"","overlay-opacity":"","overlay-gradient":""}},"_vp_format_video_url":"","_vp_image_focal_point":[],"footnotes":""},"class_list":["post-196","page","type-page","status-publish","hentry"],"uagb_featured_image_src":{"full":false,"thumbnail":false,"medium":false,"medium_large":false,"large":false,"1536x1536":false,"2048x2048":false,"etm-custom-language-flag":false,"vp_sm":false,"vp_md":false,"vp_lg":false,"vp_xl":false,"vp_sm_popup":false,"vp_md_popup":false,"vp_xl_popup":false},"uagb_author_info":{"display_name":"Matthieu_Proficz","author_link":"https:\/\/mproficz.com\/pl\/author\/matthieu_proficz\/"},"uagb_comment_info":0,"uagb_excerpt":"Travail de groupe pour designer un user flow avec un prototypage Hi-Fi sur la phase d&rsquo;achat d&rsquo;un ticket de cin\u00e9ma, en consid\u00e9rant l&rsquo;utilisateur cible \u00e9tant un usager de la GEN Z. Il y a eu plusieurs phases dans le projet : 1. UX Benchmark &#8211; voir ce qui existe d\u00e9j\u00e0, quel est le visuel actuel&hellip;","_links":{"self":[{"href":"https:\/\/mproficz.com\/pl\/wp-json\/wp\/v2\/pages\/196","targetHints":{"allow":["GET"]}}],"collection":[{"href":"https:\/\/mproficz.com\/pl\/wp-json\/wp\/v2\/pages"}],"about":[{"href":"https:\/\/mproficz.com\/pl\/wp-json\/wp\/v2\/types\/page"}],"author":[{"embeddable":true,"href":"https:\/\/mproficz.com\/pl\/wp-json\/wp\/v2\/users\/1"}],"replies":[{"embeddable":true,"href":"https:\/\/mproficz.com\/pl\/wp-json\/wp\/v2\/comments?post=196"}],"version-history":[{"count":3,"href":"https:\/\/mproficz.com\/pl\/wp-json\/wp\/v2\/pages\/196\/revisions"}],"predecessor-version":[{"id":289,"href":"https:\/\/mproficz.com\/pl\/wp-json\/wp\/v2\/pages\/196\/revisions\/289"}],"wp:attachment":[{"href":"https:\/\/mproficz.com\/pl\/wp-json\/wp\/v2\/media?parent=196"}],"curies":[{"name":"wp","href":"https:\/\/api.w.org\/{rel}","templated":true}]}}