{"id":1938,"date":"2026-01-13T16:42:12","date_gmt":"2026-01-13T16:42:12","guid":{"rendered":"https:\/\/mproficz.com\/?page_id=1938"},"modified":"2026-01-13T16:42:19","modified_gmt":"2026-01-13T16:42:19","slug":"denticab","status":"publish","type":"page","link":"https:\/\/mproficz.com\/pl\/denticab\/","title":{"rendered":"Denti\u2019Cab"},"content":{"rendered":"<div class=\"wp-block-uagb-container uagb-block-a57b6b1f alignfull uagb-is-root-container\"><div class=\"uagb-container-inner-blocks-wrap\">\n<div class=\"wp-block-uagb-container uagb-block-ef9cf4cf\">\n<div class=\"wp-block-group is-layout-constrained wp-block-group-is-layout-constrained\">\n<div class=\"wp-block-uagb-advanced-heading uagb-block-5b85afeb\"><h5 class=\"uagb-heading-text\">Nazwa projektu<\/h5><\/div>\n\n\n\n<p>Denti\u2019Cab<\/p>\n<\/div>\n\n\n\n<div class=\"wp-block-group is-layout-constrained wp-block-group-is-layout-constrained\">\n<div class=\"wp-block-uagb-advanced-heading uagb-block-b9e81ee6\"><h5 class=\"uagb-heading-text\">Zleceniodawca<\/h5><\/div>\n\n\n\n<p>Aplikacja koncepcyjna \u2013 praca klasowa<\/p>\n<\/div>\n\n\n\n<div class=\"wp-block-group is-layout-constrained wp-block-group-is-layout-constrained\">\n<div class=\"wp-block-uagb-advanced-heading uagb-block-54223afa\"><h5 class=\"uagb-heading-text\">Rola<\/h5><\/div>\n\n\n\n<p>UX UI Designer <br>Pisarz UX<\/p>\n<\/div>\n\n\n\n<div class=\"wp-block-group is-layout-constrained wp-block-group-is-layout-constrained\">\n<div class=\"wp-block-uagb-advanced-heading uagb-block-89b2182c\"><h5 class=\"uagb-heading-text\">Wyniki<\/h5><\/div>\n\n\n\n<p>Stw\u00f3rz przep\u0142yw u\u017cytkownik\u00f3w o wysokiej wierno\u015bci pacjenta, kt\u00f3ry musi um\u00f3wi\u0107 si\u0119 na wizyt\u0119 u dentysty.<\/p>\n<\/div>\n<\/div>\n\n\n\n<div class=\"wp-block-uagb-container uagb-block-74c711d0\">\n<figure class=\"wp-block-image size-large\"><img loading=\"lazy\" decoding=\"async\" width=\"1024\" height=\"534\" src=\"https:\/\/mproficz.com\/wp-content\/uploads\/2026\/01\/DentiCab_multiscreens_preview-1024x534.png\" alt=\"denti\" class=\"wp-image-1946\" title=\"Denti&#039;Cab\" srcset=\"https:\/\/mproficz.com\/wp-content\/uploads\/2026\/01\/DentiCab_multiscreens_preview-1024x534.png 1024w, https:\/\/mproficz.com\/wp-content\/uploads\/2026\/01\/DentiCab_multiscreens_preview-300x156.png 300w, https:\/\/mproficz.com\/wp-content\/uploads\/2026\/01\/DentiCab_multiscreens_preview-768x400.png 768w, https:\/\/mproficz.com\/wp-content\/uploads\/2026\/01\/DentiCab_multiscreens_preview-18x9.png 18w, https:\/\/mproficz.com\/wp-content\/uploads\/2026\/01\/DentiCab_multiscreens_preview-500x261.png 500w, https:\/\/mproficz.com\/wp-content\/uploads\/2026\/01\/DentiCab_multiscreens_preview-800x417.png 800w, https:\/\/mproficz.com\/wp-content\/uploads\/2026\/01\/DentiCab_multiscreens_preview-1280x667.png 1280w, https:\/\/mproficz.com\/wp-content\/uploads\/2026\/01\/DentiCab_multiscreens_preview.png 1454w\" sizes=\"auto, (max-width: 1024px) 100vw, 1024px\" \/><\/figure>\n<\/div>\n<\/div><\/div>\n\n\n\n<div class=\"wp-block-uagb-container uagb-block-b517685c alignfull uagb-is-root-container\"><div class=\"uagb-container-inner-blocks-wrap\">\n<figure class=\"wp-block-image size-large\"><img loading=\"lazy\" decoding=\"async\" width=\"1024\" height=\"576\" src=\"https:\/\/mproficz.com\/wp-content\/uploads\/2026\/01\/DentiCab_multiscreens-II_preview-1024x576.png\" alt=\"denti\" class=\"wp-image-1947\" title=\"Denti&#039;Cab\" srcset=\"https:\/\/mproficz.com\/wp-content\/uploads\/2026\/01\/DentiCab_multiscreens-II_preview-1024x576.png 1024w, https:\/\/mproficz.com\/wp-content\/uploads\/2026\/01\/DentiCab_multiscreens-II_preview-300x169.png 300w, https:\/\/mproficz.com\/wp-content\/uploads\/2026\/01\/DentiCab_multiscreens-II_preview-768x432.png 768w, https:\/\/mproficz.com\/wp-content\/uploads\/2026\/01\/DentiCab_multiscreens-II_preview-1536x864.png 1536w, https:\/\/mproficz.com\/wp-content\/uploads\/2026\/01\/DentiCab_multiscreens-II_preview-2048x1152.png 2048w, https:\/\/mproficz.com\/wp-content\/uploads\/2026\/01\/DentiCab_multiscreens-II_preview-18x10.png 18w, https:\/\/mproficz.com\/wp-content\/uploads\/2026\/01\/DentiCab_multiscreens-II_preview-500x281.png 500w, https:\/\/mproficz.com\/wp-content\/uploads\/2026\/01\/DentiCab_multiscreens-II_preview-800x450.png 800w, https:\/\/mproficz.com\/wp-content\/uploads\/2026\/01\/DentiCab_multiscreens-II_preview-1280x720.png 1280w, https:\/\/mproficz.com\/wp-content\/uploads\/2026\/01\/DentiCab_multiscreens-II_preview-1920x1080.png 1920w\" sizes=\"auto, (max-width: 1024px) 100vw, 1024px\" \/><\/figure>\n<\/div><\/div>\n\n\n\n<div class=\"wp-block-uagb-container uagb-block-2dd60be2 alignfull uagb-is-root-container\"><div class=\"uagb-container-inner-blocks-wrap\">\n<div class=\"wp-block-uagb-container uagb-block-bd37b2f6\">\n<div class=\"wp-block-uagb-advanced-heading uagb-block-ba4f7f8b\"><h4 class=\"uagb-heading-text\">Denti\u2019cab to aplikacja, kt\u00f3ra u\u0142atwia rezerwacj\u0119 wizyty u dentysty.<\/h4><\/div>\n\n\n\n<p> Celem by\u0142o u\u0142atwienie rezerwacji wizyty, zar\u00f3wno dla zwyk\u0142ego pacjenta, jak i w nag\u0142ych wypadkach. Dodali\u015bmy jasne i konkretne komunikaty, aby uspokoi\u0107 pacjenta, aby wiedzia\u0142, jak idzie. <\/p>\n\n\n\n<p>Wyra\u017ane komunikaty potwierdzaj\u0105ce i anuluj\u0105ce oraz instrukcje uzupe\u0142niaj\u0105ce maj\u0105 kluczowe znaczenie dla zmniejszenia stresu u\u017cytkownik\u00f3w. <\/p>\n<\/div>\n\n\n\n<div class=\"wp-block-uagb-container uagb-block-8f35a69f\">\n<iframe loading=\"lazy\" style=\"border: 1px solid rgba(0, 0, 0, 0.1);\" width=\"800\" height=\"450\" src=\"https:\/\/embed.figma.com\/proto\/4aCV5VdhI4XAZmz68xeIIl\/Denti-Cab?page-id=0%3A1&#038;node-id=1-1659&#038;p=f&#038;viewport=222%2C304%2C0.2&#038;scaling=min-zoom&#038;content-scaling=fixed&#038;starting-point-node-id=1%3A1659&#038;embed-host=share\" allowfullscreen><\/iframe>\n<\/div>\n<\/div><\/div>\n\n\n\n<div class=\"wp-block-uagb-container uagb-block-b00d337d alignfull uagb-is-root-container\"><div class=\"uagb-container-inner-blocks-wrap\">\n<div class=\"wp-block-uagb-container uagb-block-d05c40a9\">\n<figure class=\"wp-block-image size-full\"><img loading=\"lazy\" decoding=\"async\" width=\"796\" height=\"434\" src=\"https:\/\/mproficz.com\/wp-content\/uploads\/2026\/01\/Colors_DentiCab.png\" alt=\"kolory denti\" class=\"wp-image-1952\" title=\"Denti&#039;Cab\" srcset=\"https:\/\/mproficz.com\/wp-content\/uploads\/2026\/01\/Colors_DentiCab.png 796w, https:\/\/mproficz.com\/wp-content\/uploads\/2026\/01\/Colors_DentiCab-300x164.png 300w, https:\/\/mproficz.com\/wp-content\/uploads\/2026\/01\/Colors_DentiCab-768x419.png 768w, https:\/\/mproficz.com\/wp-content\/uploads\/2026\/01\/Colors_DentiCab-18x10.png 18w, https:\/\/mproficz.com\/wp-content\/uploads\/2026\/01\/Colors_DentiCab-500x273.png 500w\" sizes=\"auto, (max-width: 796px) 100vw, 796px\" \/><figcaption class=\"wp-element-caption\">Kolory &amp; Typy dla aplikacji. Czerwony: poczucie pilno\u015bci, niebezpiecze\u0144stwo. niebieski: Poczucie spokoju, zaufania lub bezpiecze\u0144stwa. bia\u0142y: Cz\u0119sto kojarzone z czysto\u015bci\u0105, czysto\u015bci\u0105 \u2013 wzbudzaj\u0105 zaufanie co do jej zdolno\u015bci do dostarczania dok\u0142adnych i wiarygodnych informacji. <\/figcaption><\/figure>\n<\/div>\n\n\n\n<div class=\"wp-block-uagb-container uagb-block-002bf9de\">\n<figure class=\"wp-block-image size-large is-resized\"><img loading=\"lazy\" decoding=\"async\" width=\"1024\" height=\"562\" src=\"https:\/\/mproficz.com\/wp-content\/uploads\/2026\/01\/Inspiration_denticab-II-1024x562.png\" alt=\"Inspiracja Denti\" class=\"wp-image-1949\" style=\"width:1042px;height:auto\" title=\"Denti&#039;Cab\" srcset=\"https:\/\/mproficz.com\/wp-content\/uploads\/2026\/01\/Inspiration_denticab-II-1024x562.png 1024w, https:\/\/mproficz.com\/wp-content\/uploads\/2026\/01\/Inspiration_denticab-II-300x165.png 300w, https:\/\/mproficz.com\/wp-content\/uploads\/2026\/01\/Inspiration_denticab-II-768x421.png 768w, https:\/\/mproficz.com\/wp-content\/uploads\/2026\/01\/Inspiration_denticab-II-1536x843.png 1536w, https:\/\/mproficz.com\/wp-content\/uploads\/2026\/01\/Inspiration_denticab-II-2048x1124.png 2048w, https:\/\/mproficz.com\/wp-content\/uploads\/2026\/01\/Inspiration_denticab-II-18x10.png 18w, https:\/\/mproficz.com\/wp-content\/uploads\/2026\/01\/Inspiration_denticab-II-500x274.png 500w, https:\/\/mproficz.com\/wp-content\/uploads\/2026\/01\/Inspiration_denticab-II-800x439.png 800w, https:\/\/mproficz.com\/wp-content\/uploads\/2026\/01\/Inspiration_denticab-II-1280x702.png 1280w, https:\/\/mproficz.com\/wp-content\/uploads\/2026\/01\/Inspiration_denticab-II-1920x1053.png 1920w\" sizes=\"auto, (max-width: 1024px) 100vw, 1024px\" \/><figcaption class=\"wp-element-caption\">UI Benchmark dla aplikacji dentystycznych i medycznych<\/figcaption><\/figure>\n<\/div>\n<\/div><\/div>\n\n\n\n<p><\/p>","protected":false},"excerpt":{"rendered":"<p>Nazwa projektu Aplikacja Denti\u2019Cab Client Concept \u2013 Praca w klasie Rola UX UI Designer UX writer Wyniki Stw\u00f3rz wysokiej jako\u015bci przep\u0142yw u\u017cytkownik\u00f3w pacjenta, kt\u00f3ry musi um\u00f3wi\u0107 si\u0119 na wizyt\u0119 u dentysty. Denti\u2019cab to aplikacja, kt\u00f3ra u\u0142atwia rezerwacj\u0119 wizyty u dentysty. Celem by\u0142o dokonanie rezerwacji terminu [...]<\/p>","protected":false},"author":1,"featured_media":0,"parent":0,"menu_order":0,"comment_status":"closed","ping_status":"closed","template":"","meta":{"_uag_custom_page_level_css":"","site-sidebar-layout":"default","site-content-layout":"","ast-site-content-layout":"default","site-content-style":"default","site-sidebar-style":"default","ast-global-header-display":"","ast-banner-title-visibility":"","ast-main-header-display":"","ast-hfb-above-header-display":"","ast-hfb-below-header-display":"","ast-hfb-mobile-header-display":"","site-post-title":"disabled","ast-breadcrumbs-content":"","ast-featured-img":"","footer-sml-layout":"","ast-disable-related-posts":"","theme-transparent-header-meta":"","adv-header-id-meta":"","stick-header-meta":"","header-above-stick-meta":"","header-main-stick-meta":"","header-below-stick-meta":"","astra-migrate-meta-layouts":"set","ast-page-background-enabled":"default","ast-page-background-meta":{"desktop":{"background-color":"","background-image":"","background-repeat":"repeat","background-position":"center center","background-size":"auto","background-attachment":"scroll","background-type":"","background-media":"","overlay-type":"","overlay-color":"","overlay-opacity":"","overlay-gradient":""},"tablet":{"background-color":"","background-image":"","background-repeat":"repeat","background-position":"center center","background-size":"auto","background-attachment":"scroll","background-type":"","background-media":"","overlay-type":"","overlay-color":"","overlay-opacity":"","overlay-gradient":""},"mobile":{"background-color":"","background-image":"","background-repeat":"repeat","background-position":"center center","background-size":"auto","background-attachment":"scroll","background-type":"","background-media":"","overlay-type":"","overlay-color":"","overlay-opacity":"","overlay-gradient":""}},"ast-content-background-meta":{"desktop":{"background-color":"var(--ast-global-color-5)","background-image":"","background-repeat":"repeat","background-position":"center center","background-size":"auto","background-attachment":"scroll","background-type":"","background-media":"","overlay-type":"","overlay-color":"","overlay-opacity":"","overlay-gradient":""},"tablet":{"background-color":"var(--ast-global-color-5)","background-image":"","background-repeat":"repeat","background-position":"center center","background-size":"auto","background-attachment":"scroll","background-type":"","background-media":"","overlay-type":"","overlay-color":"","overlay-opacity":"","overlay-gradient":""},"mobile":{"background-color":"var(--ast-global-color-5)","background-image":"","background-repeat":"repeat","background-position":"center center","background-size":"auto","background-attachment":"scroll","background-type":"","background-media":"","overlay-type":"","overlay-color":"","overlay-opacity":"","overlay-gradient":""}},"_vp_format_video_url":"","_vp_image_focal_point":[],"footnotes":""},"class_list":["post-1938","page","type-page","status-publish","hentry"],"uagb_featured_image_src":{"full":false,"thumbnail":false,"medium":false,"medium_large":false,"large":false,"1536x1536":false,"2048x2048":false,"etm-custom-language-flag":false,"vp_sm":false,"vp_md":false,"vp_lg":false,"vp_xl":false,"vp_sm_popup":false,"vp_md_popup":false,"vp_xl_popup":false},"uagb_author_info":{"display_name":"Matthieu_Proficz","author_link":"https:\/\/mproficz.com\/pl\/author\/matthieu_proficz\/"},"uagb_comment_info":0,"uagb_excerpt":"Project name Denti&rsquo;Cab Client Concept app &#8211; Class work Role UX UI Designer UX writer Results Create a high fidelity user flow of a patient who need to get an appointment with a dentist. Denti&rsquo;cab is an app that makes it easy to book a dentist appointment. The goal was to make the appointment booking&hellip;","_links":{"self":[{"href":"https:\/\/mproficz.com\/pl\/wp-json\/wp\/v2\/pages\/1938","targetHints":{"allow":["GET"]}}],"collection":[{"href":"https:\/\/mproficz.com\/pl\/wp-json\/wp\/v2\/pages"}],"about":[{"href":"https:\/\/mproficz.com\/pl\/wp-json\/wp\/v2\/types\/page"}],"author":[{"embeddable":true,"href":"https:\/\/mproficz.com\/pl\/wp-json\/wp\/v2\/users\/1"}],"replies":[{"embeddable":true,"href":"https:\/\/mproficz.com\/pl\/wp-json\/wp\/v2\/comments?post=1938"}],"version-history":[{"count":10,"href":"https:\/\/mproficz.com\/pl\/wp-json\/wp\/v2\/pages\/1938\/revisions"}],"predecessor-version":[{"id":1956,"href":"https:\/\/mproficz.com\/pl\/wp-json\/wp\/v2\/pages\/1938\/revisions\/1956"}],"wp:attachment":[{"href":"https:\/\/mproficz.com\/pl\/wp-json\/wp\/v2\/media?parent=1938"}],"curies":[{"name":"wp","href":"https:\/\/api.w.org\/{rel}","templated":true}]}}