{"id":154,"date":"2023-12-30T11:41:22","date_gmt":"2023-12-30T11:41:22","guid":{"rendered":"https:\/\/mproficz.com\/?page_id=154"},"modified":"2026-01-13T17:56:25","modified_gmt":"2026-01-13T17:56:25","slug":"profil","status":"publish","type":"page","link":"https:\/\/mproficz.com\/pl\/profil\/","title":{"rendered":"Wznowienie"},"content":{"rendered":"<div class=\"wp-block-group is-layout-constrained wp-block-group-is-layout-constrained\">\n<div class=\"wp-block-uagb-advanced-heading uagb-block-4772b14a\"><h2 class=\"uagb-heading-text\"><strong>Do\u015bwiadczenia<\/strong><\/h2><\/div>\n\n\n\n<div class=\"wp-block-columns is-layout-flex wp-container-core-columns-is-layout-28f84493 wp-block-columns-is-layout-flex\">\n<div class=\"wp-block-column is-layout-flow wp-block-column-is-layout-flow\">\n<div class=\"wp-block-group is-vertical is-layout-flex wp-container-core-group-is-layout-fe9cc265 wp-block-group-is-layout-flex\">\n<h5 class=\"wp-block-heading\">Pgr Brodno<br>09.25 &#8211; 12.25<\/h5>\n\n\n\n<p>Oprogramowanie podobne do Web &amp; UX UI Designer:<br>\u2013 Projekt wielostronicowej strony internetowej<br>\u2013 za granic\u0105 (Polska), praca wieloj\u0119zyczna (angielsko-polska)<br>\u2013 Copywriting &amp; architektura informacji<br>\u2013 Zarz\u0105dzanie projektem <br>\u2013 Rama druciana Low fi &gt; high fi<br>\u2013 Ulepszenia w zakresie podr\u00f3\u017cy u\u017cytkownik\u00f3w<\/p>\n<\/div>\n\n\n\n<div class=\"wp-block-group is-vertical is-layout-flex wp-container-core-group-is-layout-fe9cc265 wp-block-group-is-layout-flex\">\n<h5 class=\"wp-block-heading\">Tak, jest web<br>2024<\/h5>\n\n\n\n<p>Ux writer &amp; Projektant interfejsu u\u017cytkownika UX<br>\u2013 Projekt wielostronicowej strony internetowej<br>\u2013 Opracowanie \u015bcie\u017cki rejestracji +60 formularzy<br>\u2013 Copywriting &amp; architektura strony sprzeda\u017cy <br>\u2013 Badanie i pisanie biuletynu informacyjnego przedsi\u0119biorstwa (dotycz\u0105cego tematu neuromarketingu)<\/p>\n<\/div>\n\n\n\n<div class=\"wp-block-group is-vertical is-layout-flex wp-container-core-group-is-layout-fe9cc265 wp-block-group-is-layout-flex\">\n<h5 class=\"wp-block-heading\">Projektowanie stron internetowych<br>2024<\/h5>\n\n\n\n<p>Strona internetowa Wordpress stowarzyszenia non-profit \u201eCollectif D\u00e9sistance\u201d<\/p>\n<\/div>\n\n\n\n<div class=\"wp-block-group is-vertical is-layout-flex wp-container-core-group-is-layout-fe9cc265 wp-block-group-is-layout-flex\">\n<h5 class=\"wp-block-heading\">Lokale<br>2019-2023<\/h5>\n\n\n\n<p>Pracownik o wielu kwalifikacjach<br>Ma\u0142y zesp\u00f3\u0142, uzupe\u0142nianie zapas\u00f3w, odbi\u00f3r towar\u00f3w, obs\u0142uga klienta. <\/p>\n<\/div>\n<\/div>\n\n\n\n<div class=\"wp-block-column is-layout-flow wp-block-column-is-layout-flow\">\n<div class=\"wp-block-group is-vertical is-layout-flex wp-container-core-group-is-layout-fe9cc265 wp-block-group-is-layout-flex\">\n<h5 class=\"wp-block-heading\">Samouczek<br>01.2022<\/h5>\n\n\n\n<p>Projekt graficzny (logo, plakaty ....)<br>@Openclassrooms, @Mimo \u2013 kod Html\/Css<\/p>\n<\/div>\n\n\n\n<div class=\"wp-block-group is-vertical is-layout-flex wp-container-core-group-is-layout-fe9cc265 wp-block-group-is-layout-flex\">\n<h5 class=\"wp-block-heading\">Wolontariusz \u2013 projektant graficzny<br>2022-2023<\/h5>\n\n\n\n<p>W imieniu Asbl Enneaboost \u2013 z naciskiem na ukierunkowanie na m\u0142odzie\u017c i Enneagram. <\/p>\n<\/div>\n\n\n\n<div class=\"wp-block-group is-vertical is-layout-flex wp-container-core-group-is-layout-fe9cc265 wp-block-group-is-layout-flex\">\n<h5 class=\"wp-block-heading\">Wolontariat m\u0142odzie\u017cowy Ardent<br>04. &#8211; 08.2018<\/h5>\n\n\n\n<p>Praca zespo\u0142owa (3-8 os\u00f3b), prace remontowe na zewn\u0105trz i wewn\u0105trz, pomoc podczas letnich oboz\u00f3w. <\/p>\n<\/div>\n\n\n\n<div class=\"wp-block-group is-vertical is-layout-flex wp-container-core-group-is-layout-fe9cc265 wp-block-group-is-layout-flex\">\n<h5 class=\"wp-block-heading\">Wolontariat APEE Us\u0142ugi<br>09.2017 &#8211; 04.2018<\/h5>\n\n\n\n<p>Akompaniament i nadz\u00f3r nad ma\u0142ymi dzie\u0107mi. <\/p>\n<\/div>\n\n\n\n<div class=\"wp-block-group is-vertical is-layout-flex wp-container-core-group-is-layout-fe9cc265 wp-block-group-is-layout-flex\">\n<h5 class=\"wp-block-heading\">Autor<br>2010 r. \u2013 obecnie<\/h5>\n\n\n\n<p>Badania, planowanie, pisanie.<\/p>\n<\/div>\n<\/div>\n<\/div>\n<\/div>\n\n\n\n<div class=\"wp-block-group is-layout-constrained wp-block-group-is-layout-constrained\">\n<div class=\"wp-block-uagb-advanced-heading uagb-block-94d53986\"><h2 class=\"uagb-heading-text\"><strong>Studia, szkolenia<\/strong><\/h2><\/div>\n\n\n\n<div class=\"wp-block-columns is-layout-flex wp-container-core-columns-is-layout-28f84493 wp-block-columns-is-layout-flex\">\n<div class=\"wp-block-column is-layout-flow wp-block-column-is-layout-flow\">\n<div class=\"wp-block-group is-vertical is-layout-flex wp-container-core-group-is-layout-fe9cc265 wp-block-group-is-layout-flex\">\n<h5 class=\"wp-block-heading\">Kszta\u0142cenie i szkolenie zawodowe<\/h5>\n\n\n\n<p>UX UI Design \u00b7 [2022\u20132024]<\/p>\n<\/div>\n\n\n\n<div class=\"wp-block-group is-vertical is-layout-flex wp-container-core-group-is-layout-fe9cc265 wp-block-group-is-layout-flex\">\n<h5 class=\"wp-block-heading\">Cinecourse<\/h5>\n\n\n\n<p>Scenariusz internetowy \u00b7 [2019\u20132020]<\/p>\n<\/div>\n<\/div>\n\n\n\n<div class=\"wp-block-column is-layout-flow wp-block-column-is-layout-flow\">\n<div class=\"wp-block-group is-vertical is-layout-flex wp-container-core-group-is-layout-fe9cc265 wp-block-group-is-layout-flex\">\n<h5 class=\"wp-block-heading\">Liceum Og\u00f3lnokszta\u0142c\u0105ce im Alberta Jacquarda <\/h5>\n\n\n\n<p>Infograpghie, Animacje 3D, VFX \u00b7 [2018-2019]<\/p>\n<\/div>\n\n\n\n<div class=\"wp-block-group is-vertical is-layout-flex wp-container-core-group-is-layout-fe9cc265 wp-block-group-is-layout-flex\">\n<h5 class=\"wp-block-heading\">Gembloux Agro-Bio Tech<\/h5>\n\n\n\n<p>Architektura krajobrazu, 1 rok \u00b7 [2016\u20132017]<\/p>\n<\/div>\n<\/div>\n<\/div>\n<\/div>\n\n\n\n<div class=\"wp-block-group is-layout-constrained wp-block-group-is-layout-constrained\">\n<div class=\"wp-block-uagb-advanced-heading uagb-block-5207736b\"><h2 class=\"uagb-heading-text\"><strong>J\u0119zyki<\/strong><\/h2><\/div>\n\n\n\n<div class=\"wp-block-columns is-layout-flex wp-container-core-columns-is-layout-28f84493 wp-block-columns-is-layout-flex\">\n<div class=\"wp-block-column is-layout-flow wp-block-column-is-layout-flow\">\n<p>francuski \u2013 C2<br>J\u0119zyk angielski \u2013 C1<\/p>\n<\/div>\n\n\n\n<div class=\"wp-block-column is-layout-flow wp-block-column-is-layout-flow\">\n<p>Chi\u0144ski \u2013 A1<br>Korea\u0144ski \u2013 A1<\/p>\n<\/div>\n<\/div>\n<\/div>\n\n\n\n<div class=\"wp-block-group is-layout-constrained wp-block-group-is-layout-constrained\">\n<div class=\"wp-block-uagb-advanced-heading uagb-block-bc18099e\"><h2 class=\"uagb-heading-text\"><strong>Kompetencje<\/strong><\/h2><\/div>\n\n\n\n<div class=\"wp-block-columns is-layout-flex wp-container-core-columns-is-layout-28f84493 wp-block-columns-is-layout-flex\">\n<div class=\"wp-block-column is-layout-flow wp-block-column-is-layout-flow\">\n<h5 class=\"wp-block-heading\">Umiej\u0119tno\u015bci techniczne<\/h5>\n\n\n\n<p>Adobe suite \u00b7 Figma suite \u00b7 WordPress \u00b7 Miro \u00b7 Koncepcja \u00b7 Relume \u00b7 Slack<\/p>\n\n\n\n<div class=\"wp-block-group is-vertical is-layout-flex wp-container-core-group-is-layout-fe9cc265 wp-block-group-is-layout-flex\">\n<p><mark style=\"background-color:rgba(0, 0, 0, 0)\" class=\"has-inline-color has-ast-global-color-1-color\"><strong>Projektowanie UX UI:<\/strong><\/mark> Benchmark \u00b7 Personas \u00b7 Prototypowanie \u00b7 Przep\u0142yw u\u017cytkownik\u00f3w \u00b7 Historie u\u017cytkownik\u00f3w \u00b7 Mapa podr\u00f3\u017cy<\/p>\n\n\n\n<p><strong><mark style=\"background-color:rgba(0, 0, 0, 0)\" class=\"has-inline-color has-ast-global-color-1-color\">Projektowanie tre\u015bci: <\/mark><\/strong>Pisanie \u00b7 Copywriting \u00b7 Pisanie Ux \u00b7 Architektura informacji <\/p>\n<\/div>\n<\/div>\n\n\n\n<div class=\"wp-block-column is-layout-flow wp-block-column-is-layout-flow\">\n<h5 class=\"wp-block-heading\">Umiej\u0119tno\u015bci spo\u0142eczne<\/h5>\n\n\n\n<p>Ciekawski \u00b7 Franczyza \u00b7 Intuicyjny \u00b7 Krytyczny umys\u0142 \u00b7 Pragmatyczny \u00b7 Obserwator<br><\/p>\n<\/div>\n<\/div>\n<\/div>\n\n\n\n<p><\/p>","protected":false},"excerpt":{"rendered":"<p>Do\u015bwiadczenia Pgr Brodno09.25 \u2013 12.25 Copywriter, Web &amp; UX UI Designer \u2013 wielostronicowy projekt strony \u2013 za granic\u0105 (Polska), praca wieloj\u0119zyczna (angielsko-polska) \u2013 Copywriting &amp; architektura informacji \u2013 Zarz\u0105dzanie projektem \u2013 Wireframe Low fi &gt; high fi \u2013 Usprawnienia \u015bcie\u017cki u\u017cytkownika Tak jest web2024 Ux writer &amp; UX UI Designer \u2013 projektowanie wielostronicowe [...]<\/p>","protected":false},"author":1,"featured_media":0,"parent":0,"menu_order":0,"comment_status":"closed","ping_status":"closed","template":"","meta":{"_uag_custom_page_level_css":"","site-sidebar-layout":"default","site-content-layout":"","ast-site-content-layout":"default","site-content-style":"default","site-sidebar-style":"default","ast-global-header-display":"","ast-banner-title-visibility":"","ast-main-header-display":"","ast-hfb-above-header-display":"","ast-hfb-below-header-display":"","ast-hfb-mobile-header-display":"","site-post-title":"","ast-breadcrumbs-content":"","ast-featured-img":"","footer-sml-layout":"","ast-disable-related-posts":"","theme-transparent-header-meta":"","adv-header-id-meta":"","stick-header-meta":"","header-above-stick-meta":"","header-main-stick-meta":"","header-below-stick-meta":"","astra-migrate-meta-layouts":"set","ast-page-background-enabled":"default","ast-page-background-meta":{"desktop":{"background-color":"","background-image":"","background-repeat":"repeat","background-position":"center center","background-size":"auto","background-attachment":"scroll","background-type":"","background-media":"","overlay-type":"","overlay-color":"","overlay-opacity":"","overlay-gradient":""},"tablet":{"background-color":"","background-image":"","background-repeat":"repeat","background-position":"center center","background-size":"auto","background-attachment":"scroll","background-type":"","background-media":"","overlay-type":"","overlay-color":"","overlay-opacity":"","overlay-gradient":""},"mobile":{"background-color":"","background-image":"","background-repeat":"repeat","background-position":"center center","background-size":"auto","background-attachment":"scroll","background-type":"","background-media":"","overlay-type":"","overlay-color":"","overlay-opacity":"","overlay-gradient":""}},"ast-content-background-meta":{"desktop":{"background-color":"var(--ast-global-color-5)","background-image":"","background-repeat":"repeat","background-position":"center center","background-size":"auto","background-attachment":"scroll","background-type":"","background-media":"","overlay-type":"","overlay-color":"","overlay-opacity":"","overlay-gradient":""},"tablet":{"background-color":"var(--ast-global-color-5)","background-image":"","background-repeat":"repeat","background-position":"center center","background-size":"auto","background-attachment":"scroll","background-type":"","background-media":"","overlay-type":"","overlay-color":"","overlay-opacity":"","overlay-gradient":""},"mobile":{"background-color":"var(--ast-global-color-5)","background-image":"","background-repeat":"repeat","background-position":"center center","background-size":"auto","background-attachment":"scroll","background-type":"","background-media":"","overlay-type":"","overlay-color":"","overlay-opacity":"","overlay-gradient":""}},"_vp_format_video_url":"","_vp_image_focal_point":[],"footnotes":""},"class_list":["post-154","page","type-page","status-publish","hentry"],"uagb_featured_image_src":{"full":false,"thumbnail":false,"medium":false,"medium_large":false,"large":false,"1536x1536":false,"2048x2048":false,"etm-custom-language-flag":false,"vp_sm":false,"vp_md":false,"vp_lg":false,"vp_xl":false,"vp_sm_popup":false,"vp_md_popup":false,"vp_xl_popup":false},"uagb_author_info":{"display_name":"Matthieu_Proficz","author_link":"https:\/\/mproficz.com\/pl\/author\/matthieu_proficz\/"},"uagb_comment_info":0,"uagb_excerpt":"Exp\u00e9riences Pgr Brodno09.25 &#8211; 12.25 Copywriter, Web &amp; UX UI Designer&#8211; design d&rsquo;un site multi pages&#8211; A l&rsquo;\u00e9tranger (Pologne), travail multi langue (anglais-polonais)&#8211; Copywriting &amp; architecture de l&rsquo;information&#8211; Gestion de projet &#8211; Wireframe Low fi > high fi&#8211; Am\u00e9liorations de parcours utilisateurs Oui are web2024 Ux writer &amp; UX UI Designer&#8211; design d&rsquo;un site multi&hellip;","_links":{"self":[{"href":"https:\/\/mproficz.com\/pl\/wp-json\/wp\/v2\/pages\/154","targetHints":{"allow":["GET"]}}],"collection":[{"href":"https:\/\/mproficz.com\/pl\/wp-json\/wp\/v2\/pages"}],"about":[{"href":"https:\/\/mproficz.com\/pl\/wp-json\/wp\/v2\/types\/page"}],"author":[{"embeddable":true,"href":"https:\/\/mproficz.com\/pl\/wp-json\/wp\/v2\/users\/1"}],"replies":[{"embeddable":true,"href":"https:\/\/mproficz.com\/pl\/wp-json\/wp\/v2\/comments?post=154"}],"version-history":[{"count":13,"href":"https:\/\/mproficz.com\/pl\/wp-json\/wp\/v2\/pages\/154\/revisions"}],"predecessor-version":[{"id":1986,"href":"https:\/\/mproficz.com\/pl\/wp-json\/wp\/v2\/pages\/154\/revisions\/1986"}],"wp:attachment":[{"href":"https:\/\/mproficz.com\/pl\/wp-json\/wp\/v2\/media?parent=154"}],"curies":[{"name":"wp","href":"https:\/\/api.w.org\/{rel}","templated":true}]}}