{"id":196,"date":"2024-02-23T15:42:40","date_gmt":"2024-02-23T15:42:40","guid":{"rendered":"https:\/\/mproficz.com\/?page_id=196"},"modified":"2025-07-18T10:24:13","modified_gmt":"2025-07-18T10:24:13","slug":"kinepolis-ui-design","status":"publish","type":"page","link":"https:\/\/mproficz.com\/en\/kinepolis-ui-design\/","title":{"rendered":"Kin\u00e9polis \u2013 UI Design"},"content":{"rendered":"<p class=\"has-text-align-left\">Group work to design a user flow with Hi-Fi prototyping on the purchase phase of a cinema ticket, considering the target user as a GEN Z user.<\/p>\n\n\n\n<figure class=\"wp-block-image size-large\"><img loading=\"lazy\" decoding=\"async\" width=\"1024\" height=\"683\" src=\"https:\/\/mproficz.com\/wp-content\/uploads\/2024\/02\/Kinepolis-old-versions-8-screens-1024x683.png\" alt=\"Kinepolis Old Versions 8 Screens 1024x683\" class=\"wp-image-204\" title=\"Kin\u00e9polis - UI Design\" srcset=\"https:\/\/mproficz.com\/wp-content\/uploads\/2024\/02\/Kinepolis-old-versions-8-screens-1024x683.png 1024w, https:\/\/mproficz.com\/wp-content\/uploads\/2024\/02\/Kinepolis-old-versions-8-screens-300x200.png 300w, https:\/\/mproficz.com\/wp-content\/uploads\/2024\/02\/Kinepolis-old-versions-8-screens-768x512.png 768w, https:\/\/mproficz.com\/wp-content\/uploads\/2024\/02\/Kinepolis-old-versions-8-screens-1536x1024.png 1536w, https:\/\/mproficz.com\/wp-content\/uploads\/2024\/02\/Kinepolis-old-versions-8-screens-2048x1366.png 2048w, https:\/\/mproficz.com\/wp-content\/uploads\/2024\/02\/Kinepolis-old-versions-8-screens-500x333.png 500w, https:\/\/mproficz.com\/wp-content\/uploads\/2024\/02\/Kinepolis-old-versions-8-screens-800x533.png 800w, https:\/\/mproficz.com\/wp-content\/uploads\/2024\/02\/Kinepolis-old-versions-8-screens-1280x853.png 1280w, https:\/\/mproficz.com\/wp-content\/uploads\/2024\/02\/Kinepolis-old-versions-8-screens-1920x1280.png 1920w\" sizes=\"auto, (max-width: 1024px) 100vw, 1024px\" \/><figcaption class=\"wp-element-caption\">Native design<\/figcaption><\/figure>\n\n\n\n<div style=\"height:80px\" aria-hidden=\"true\" class=\"wp-block-spacer\"><\/div>\n\n\n\n<p class=\"has-text-align-left\">There were several phases in the project: <\/p>\n\n\n\n<p><br>1. <strong>UX Benchmark<\/strong> \u2013 see what already exists, what is the current visual of the Kin\u00e9polis app and what are the problems faced by users.  <br>\u2013 What are the visuals of other apps of the same kind: UGC, Pathe, Allocin\u00e9... and what blocks \/ works in them. <br>\u2013 Read online comments related to the user experience, in order to identify possible major problems.<br>\u2013 Via Pinterest, Behance, etc... find examples of design, see visuals that attract\/please. <\/p>\n\n\n\n<p>2. Achievement of a <strong>User flow <\/strong>and definition of <strong>EPICS <\/strong><br>\u2013 Selection and purchase of tickets<br>\u2013 User profile management<br>\u2013 Notifications and recommendations<br>\u2013 Room and schedule management<br>\u2013 Payment and security<\/p>\n\n\n\n<p>3. <strong>Prototyping <\/strong>on the basis of visuals and the study of comments, in order to facilitate the purchase of a cinema ticket. <br><\/p>\n\n\n\n<figure class=\"wp-block-image size-large\"><img loading=\"lazy\" decoding=\"async\" width=\"1024\" height=\"297\" src=\"https:\/\/mproficz.com\/wp-content\/uploads\/2024\/02\/Epics-User-flow-1024x297.png\" alt=\"Epics User Flow 1024x297\" class=\"wp-image-197\" title=\"Kin\u00e9polis - UI Design\" srcset=\"https:\/\/mproficz.com\/wp-content\/uploads\/2024\/02\/Epics-User-flow-1024x297.png 1024w, https:\/\/mproficz.com\/wp-content\/uploads\/2024\/02\/Epics-User-flow-300x87.png 300w, https:\/\/mproficz.com\/wp-content\/uploads\/2024\/02\/Epics-User-flow-768x223.png 768w, https:\/\/mproficz.com\/wp-content\/uploads\/2024\/02\/Epics-User-flow-1536x446.png 1536w, https:\/\/mproficz.com\/wp-content\/uploads\/2024\/02\/Epics-User-flow-2048x595.png 2048w, https:\/\/mproficz.com\/wp-content\/uploads\/2024\/02\/Epics-User-flow-500x145.png 500w, https:\/\/mproficz.com\/wp-content\/uploads\/2024\/02\/Epics-User-flow-800x232.png 800w, https:\/\/mproficz.com\/wp-content\/uploads\/2024\/02\/Epics-User-flow-1280x372.png 1280w, https:\/\/mproficz.com\/wp-content\/uploads\/2024\/02\/Epics-User-flow-1920x558.png 1920w\" sizes=\"auto, (max-width: 1024px) 100vw, 1024px\" \/><figcaption class=\"wp-element-caption\">User flow<\/figcaption><\/figure>\n\n\n\n<div style=\"height:80px\" aria-hidden=\"true\" class=\"wp-block-spacer\"><\/div>\n\n\n\n<h2 class=\"wp-block-heading has-text-align-center\">HI-FI prototyping<\/h2>\n\n\n\n<div class=\"wp-block-group is-layout-constrained wp-block-group-is-layout-constrained\">\n<figure class=\"wp-block-gallery has-nested-images columns-default is-cropped wp-block-gallery-1 is-layout-flex wp-block-gallery-is-layout-flex\">\n<figure class=\"wp-block-image size-large\"><img loading=\"lazy\" decoding=\"async\" width=\"404\" height=\"858\" data-id=\"203\" src=\"https:\/\/mproficz.com\/wp-content\/uploads\/2024\/02\/Homepage.png\" alt=\"Homepage\" class=\"wp-image-203\" title=\"Kin\u00e9polis - UI Design\" srcset=\"https:\/\/mproficz.com\/wp-content\/uploads\/2024\/02\/Homepage.png 404w, https:\/\/mproficz.com\/wp-content\/uploads\/2024\/02\/Homepage-141x300.png 141w\" sizes=\"auto, (max-width: 404px) 100vw, 404px\" \/><\/figure>\n\n\n\n<figure class=\"wp-block-image size-large\"><img loading=\"lazy\" decoding=\"async\" width=\"404\" height=\"854\" data-id=\"202\" src=\"https:\/\/mproficz.com\/wp-content\/uploads\/2024\/02\/Movie-Page.png\" alt=\"Movie Page\" class=\"wp-image-202\" title=\"Kin\u00e9polis - UI Design\" srcset=\"https:\/\/mproficz.com\/wp-content\/uploads\/2024\/02\/Movie-Page.png 404w, https:\/\/mproficz.com\/wp-content\/uploads\/2024\/02\/Movie-Page-142x300.png 142w\" sizes=\"auto, (max-width: 404px) 100vw, 404px\" \/><\/figure>\n\n\n\n<figure class=\"wp-block-image size-large\"><img loading=\"lazy\" decoding=\"async\" width=\"404\" height=\"858\" data-id=\"198\" src=\"https:\/\/mproficz.com\/wp-content\/uploads\/2024\/02\/Choix-du-ticket.png\" alt=\"Choice of ticket\" class=\"wp-image-198\" title=\"Kin\u00e9polis - UI Design\" srcset=\"https:\/\/mproficz.com\/wp-content\/uploads\/2024\/02\/Choix-du-ticket.png 404w, https:\/\/mproficz.com\/wp-content\/uploads\/2024\/02\/Choix-du-ticket-141x300.png 141w\" sizes=\"auto, (max-width: 404px) 100vw, 404px\" \/><\/figure>\n\n\n\n<figure class=\"wp-block-image size-large\"><img loading=\"lazy\" decoding=\"async\" width=\"404\" height=\"858\" data-id=\"200\" src=\"https:\/\/mproficz.com\/wp-content\/uploads\/2024\/02\/Choix-place.png\" alt=\"Choice of place\" class=\"wp-image-200\" title=\"Kin\u00e9polis - UI Design\" srcset=\"https:\/\/mproficz.com\/wp-content\/uploads\/2024\/02\/Choix-place.png 404w, https:\/\/mproficz.com\/wp-content\/uploads\/2024\/02\/Choix-place-141x300.png 141w\" sizes=\"auto, (max-width: 404px) 100vw, 404px\" \/><\/figure>\n\n\n\n<figure class=\"wp-block-image size-large\"><img loading=\"lazy\" decoding=\"async\" width=\"404\" height=\"858\" data-id=\"199\" src=\"https:\/\/mproficz.com\/wp-content\/uploads\/2024\/02\/Check-out.png\" alt=\"Check Out\" class=\"wp-image-199\" title=\"Kin\u00e9polis - UI Design\" srcset=\"https:\/\/mproficz.com\/wp-content\/uploads\/2024\/02\/Check-out.png 404w, https:\/\/mproficz.com\/wp-content\/uploads\/2024\/02\/Check-out-141x300.png 141w\" sizes=\"auto, (max-width: 404px) 100vw, 404px\" \/><\/figure>\n\n\n\n<figure class=\"wp-block-image size-large\"><img loading=\"lazy\" decoding=\"async\" width=\"404\" height=\"858\" data-id=\"201\" src=\"https:\/\/mproficz.com\/wp-content\/uploads\/2024\/02\/Check-out-2.png\" alt=\"Check Out 2\" class=\"wp-image-201\" title=\"Kin\u00e9polis - UI Design\" srcset=\"https:\/\/mproficz.com\/wp-content\/uploads\/2024\/02\/Check-out-2.png 404w, https:\/\/mproficz.com\/wp-content\/uploads\/2024\/02\/Check-out-2-141x300.png 141w\" sizes=\"auto, (max-width: 404px) 100vw, 404px\" \/><\/figure>\n<\/figure>\n<\/div>","protected":false},"excerpt":{"rendered":"<p>Group work to design a user flow with Hi-Fi prototyping on the purchase phase of a cinema ticket, considering the target user being a GEN Z user. There were several phases in the project: 1. UX Benchmark \u2013 see what already exists, what is the current visual [...]<\/p>","protected":false},"author":1,"featured_media":0,"parent":0,"menu_order":0,"comment_status":"closed","ping_status":"closed","template":"","meta":{"_uag_custom_page_level_css":"","site-sidebar-layout":"default","site-content-layout":"","ast-site-content-layout":"default","site-content-style":"default","site-sidebar-style":"default","ast-global-header-display":"","ast-banner-title-visibility":"","ast-main-header-display":"","ast-hfb-above-header-display":"","ast-hfb-below-header-display":"","ast-hfb-mobile-header-display":"","site-post-title":"","ast-breadcrumbs-content":"","ast-featured-img":"","footer-sml-layout":"","ast-disable-related-posts":"","theme-transparent-header-meta":"","adv-header-id-meta":"","stick-header-meta":"","header-above-stick-meta":"","header-main-stick-meta":"","header-below-stick-meta":"","astra-migrate-meta-layouts":"default","ast-page-background-enabled":"default","ast-page-background-meta":{"desktop":{"background-color":"","background-image":"","background-repeat":"repeat","background-position":"center center","background-size":"auto","background-attachment":"scroll","background-type":"","background-media":"","overlay-type":"","overlay-color":"","overlay-opacity":"","overlay-gradient":""},"tablet":{"background-color":"","background-image":"","background-repeat":"repeat","background-position":"center center","background-size":"auto","background-attachment":"scroll","background-type":"","background-media":"","overlay-type":"","overlay-color":"","overlay-opacity":"","overlay-gradient":""},"mobile":{"background-color":"","background-image":"","background-repeat":"repeat","background-position":"center center","background-size":"auto","background-attachment":"scroll","background-type":"","background-media":"","overlay-type":"","overlay-color":"","overlay-opacity":"","overlay-gradient":""}},"ast-content-background-meta":{"desktop":{"background-color":"var(--ast-global-color-5)","background-image":"","background-repeat":"repeat","background-position":"center center","background-size":"auto","background-attachment":"scroll","background-type":"","background-media":"","overlay-type":"","overlay-color":"","overlay-opacity":"","overlay-gradient":""},"tablet":{"background-color":"var(--ast-global-color-5)","background-image":"","background-repeat":"repeat","background-position":"center center","background-size":"auto","background-attachment":"scroll","background-type":"","background-media":"","overlay-type":"","overlay-color":"","overlay-opacity":"","overlay-gradient":""},"mobile":{"background-color":"var(--ast-global-color-5)","background-image":"","background-repeat":"repeat","background-position":"center center","background-size":"auto","background-attachment":"scroll","background-type":"","background-media":"","overlay-type":"","overlay-color":"","overlay-opacity":"","overlay-gradient":""}},"_vp_format_video_url":"","_vp_image_focal_point":[],"footnotes":""},"class_list":["post-196","page","type-page","status-publish","hentry"],"uagb_featured_image_src":{"full":false,"thumbnail":false,"medium":false,"medium_large":false,"large":false,"1536x1536":false,"2048x2048":false,"etm-custom-language-flag":false,"vp_sm":false,"vp_md":false,"vp_lg":false,"vp_xl":false,"vp_sm_popup":false,"vp_md_popup":false,"vp_xl_popup":false},"uagb_author_info":{"display_name":"Matthieu_Proficz","author_link":"https:\/\/mproficz.com\/en\/author\/matthieu_proficz\/"},"uagb_comment_info":0,"uagb_excerpt":"Travail de groupe pour designer un user flow avec un prototypage Hi-Fi sur la phase d&rsquo;achat d&rsquo;un ticket de cin\u00e9ma, en consid\u00e9rant l&rsquo;utilisateur cible \u00e9tant un usager de la GEN Z. Il y a eu plusieurs phases dans le projet : 1. UX Benchmark &#8211; voir ce qui existe d\u00e9j\u00e0, quel est le visuel actuel&hellip;","_links":{"self":[{"href":"https:\/\/mproficz.com\/en\/wp-json\/wp\/v2\/pages\/196","targetHints":{"allow":["GET"]}}],"collection":[{"href":"https:\/\/mproficz.com\/en\/wp-json\/wp\/v2\/pages"}],"about":[{"href":"https:\/\/mproficz.com\/en\/wp-json\/wp\/v2\/types\/page"}],"author":[{"embeddable":true,"href":"https:\/\/mproficz.com\/en\/wp-json\/wp\/v2\/users\/1"}],"replies":[{"embeddable":true,"href":"https:\/\/mproficz.com\/en\/wp-json\/wp\/v2\/comments?post=196"}],"version-history":[{"count":3,"href":"https:\/\/mproficz.com\/en\/wp-json\/wp\/v2\/pages\/196\/revisions"}],"predecessor-version":[{"id":289,"href":"https:\/\/mproficz.com\/en\/wp-json\/wp\/v2\/pages\/196\/revisions\/289"}],"wp:attachment":[{"href":"https:\/\/mproficz.com\/en\/wp-json\/wp\/v2\/media?parent=196"}],"curies":[{"name":"wp","href":"https:\/\/api.w.org\/{rel}","templated":true}]}}